{"id":2745,"date":"2022-12-19T19:12:17","date_gmt":"2022-12-19T19:12:17","guid":{"rendered":"https:\/\/fisc.webparaguay.com\/?post_type=product&amp;p=2745"},"modified":"2022-12-19T19:12:17","modified_gmt":"2022-12-19T19:12:17","slug":"estufa-para-esterilizacion-y-secado-ma033-5","status":"publish","type":"product","link":"http:\/\/embrion.com.py\/fisc\/producto\/equipamientos-laboratoriales\/estufa-para-esterilizacion-y-secado-ma033-5\/","title":{"rendered":"Estufa para Esterilizaci\u00f3n y Secado MA033\/5"},"content":{"rendered":"<p><span style=\"font-family: Arial, serif;\"><span style=\"font-size: medium;\"><b>Datos t\u00e9cnicos:<\/b><\/span><\/span><\/p>\n<ul>\n<li><span style=\"font-family: Arial, serif;\"><span style=\"font-size: medium;\"><b>Estructura:<\/b><\/span><\/span><\/li>\n<\/ul>\n<ul>\n<li style=\"list-style-type: none;\">\n<ul>\n<li><span style=\"font-family: Arial, serif;\"><span style=\"font-size: medium;\">carcasa interior en chapa de acero inoxidable AISI 430<\/span><\/span><\/li>\n<li><span style=\"font-family: Arial, serif;\"><span style=\"font-size: medium;\">carcasa exterior en chapa de acero inoxidable con tratamiento anticorrosivo y pintura electrost\u00e1tica en epoxi texturado<\/span><\/span><\/li>\n<li><span style=\"font-family: Arial, serif;\"><span style=\"font-size: medium;\">Aislaci\u00f3n t\u00e9rmica con lana de vidrio (libre de amianto)<\/span><\/span><\/li>\n<li><span style=\"font-family: Arial, serif;\"><span style=\"font-size: medium;\">1 puerta con perfil de sellado en silicona, cierre magn\u00e9tico<\/span><\/span><\/li>\n<li><span style=\"font-family: Arial, serif;\"><span style=\"font-size: medium;\">Medida interior: A=600 x P=500 x Al=500 mm. (150 litros)<\/span><\/span><\/li>\n<li><span style=\"font-family: Arial, serif;\"><span style=\"font-size: medium;\">Medida exterior: A=810 x P=700 X Al=950 mm.<\/span><\/span><\/li>\n<li><span style=\"font-family: Arial, serif;\"><span style=\"font-size: medium;\">Soporte para 3 estantes, incluye 2 estantes<\/span><\/span><\/li>\n<\/ul>\n<\/li>\n<\/ul>\n<ul>\n<li><span style=\"font-family: Arial, serif;\"><span style=\"font-size: medium;\"><b>Termostatizaci\u00f3n:<\/b><\/span><\/span><\/li>\n<\/ul>\n<ul>\n<li><span style=\"font-family: Arial, serif;\"><span style=\"font-size: medium;\">Temperatura de trabajo de ambiente +7 a 200\u00b0 C.<\/span><\/span><\/li>\n<li><span style=\"font-family: Arial, serif;\"><span style=\"font-size: medium;\">Controlador de temperatura electr\u00f3nico MICROPROCESADO , PID, con sensor tipo <\/span><\/span><\/li>\n<li><span style=\"font-family: Arial, serif;\"><span style=\"font-size: medium;\">PT100, con lectura digital del proceso y set point, con sensibilidad de 1\u00b0 C<\/span><\/span><\/li>\n<li><span style=\"font-family: Arial, serif;\"><span style=\"font-size: medium;\">Sistema de protecci\u00f3n para temperaturas por encima de la temperatura de trabajo, con <\/span><\/span><\/li>\n<li><span style=\"font-family: Arial, serif;\"><span style=\"font-size: medium;\">Controlador electromec\u00e1nico, ajustable por el operador contra sobrecalentamiento<\/span><\/span><\/li>\n<li><span style=\"font-family: Arial, serif;\"><span style=\"font-size: medium;\">Resistencia blindada en tubo de acero inoxidable AISI 304<\/span><\/span><\/li>\n<li><span style=\"font-family: Arial, serif;\"><span style=\"font-size: medium;\">Flujo de aire por convecci\u00f3n natural con dispositivo para portaterm\u00f3metro y<\/span><\/span><\/li>\n<li><span style=\"font-family: Arial, serif;\"><span style=\"font-size: medium;\">Regulaci\u00f3n para exhausti\u00f3n de vapores en acero inoxidable AISI 304<\/span><\/span><\/li>\n<\/ul>\n<ul>\n<li><span style=\"font-family: Arial, serif;\"><span style=\"font-size: medium;\"><b>Energ\u00eda:<\/b><\/span><\/span><\/li>\n<\/ul>\n<ul>\n<li><span style=\"font-family: Arial, serif;\"><span style=\"font-size: medium;\">cable de energ\u00eda trifilar con polo a tierra, doble aislaci\u00f3n, tomacorriente y enchufe de tres pines, seg\u00fan NBR NM 243 y NBR 14136<\/span><\/span><\/li>\n<li><span style=\"font-family: Arial, serif;\"><span style=\"font-size: medium;\">1200 Watts, 220 Volts, 60 hz.<\/span><\/span><\/li>\n<\/ul>\n<p><span style=\"font-family: Arial, serif;\"><span style=\"font-size: small;\"><span lang=\"af-ZA\">CON CERTIFICADO DE CALIBRACI\u00d3N RASTREABLE A RBC E INMETRO<\/span><\/span><\/span><\/p>\n","protected":false},"excerpt":{"rendered":"<p><span style=\"font-family: Times New Roman, serif;\"><span style=\"font-size: medium;\"><span style=\"font-family: Arial, serif;\"><span style=\"font-size: small;\"><span lang=\"af-ZA\">Estufa para esterilizaci\u00f3n y secado, marca MARCONI, modelo MA 033\/5:<\/span><\/span><\/span><\/span><\/span><\/p>\n","protected":false},"featured_media":2795,"comment_status":"closed","ping_status":"closed","template":"","meta":{"_et_pb_use_builder":"","_et_pb_old_content":"","_et_gb_content_width":"","_joinchat":[]},"product_brand":[],"product_cat":[52],"product_tag":[53],"class_list":{"0":"post-2745","1":"product","2":"type-product","3":"status-publish","4":"has-post-thumbnail","6":"product_cat-equipamientos-laboratoriales","7":"product_tag-marconi","9":"first","10":"instock","11":"shipping-taxable","12":"product-type-simple"},"_links":{"self":[{"href":"http:\/\/embrion.com.py\/fisc\/wp-json\/wp\/v2\/product\/2745","targetHints":{"allow":["GET"]}}],"collection":[{"href":"http:\/\/embrion.com.py\/fisc\/wp-json\/wp\/v2\/product"}],"about":[{"href":"http:\/\/embrion.com.py\/fisc\/wp-json\/wp\/v2\/types\/product"}],"replies":[{"embeddable":true,"href":"http:\/\/embrion.com.py\/fisc\/wp-json\/wp\/v2\/comments?post=2745"}],"wp:featuredmedia":[{"embeddable":true,"href":"http:\/\/embrion.com.py\/fisc\/wp-json\/wp\/v2\/media\/2795"}],"wp:attachment":[{"href":"http:\/\/embrion.com.py\/fisc\/wp-json\/wp\/v2\/media?parent=2745"}],"wp:term":[{"taxonomy":"product_brand","embeddable":true,"href":"http:\/\/embrion.com.py\/fisc\/wp-json\/wp\/v2\/product_brand?post=2745"},{"taxonomy":"product_cat","embeddable":true,"href":"http:\/\/embrion.com.py\/fisc\/wp-json\/wp\/v2\/product_cat?post=2745"},{"taxonomy":"product_tag","embeddable":true,"href":"http:\/\/embrion.com.py\/fisc\/wp-json\/wp\/v2\/product_tag?post=2745"}],"curies":[{"name":"wp","href":"https:\/\/api.w.org\/{rel}","templated":true}]}}