{"id":2744,"date":"2022-12-19T19:12:16","date_gmt":"2022-12-19T19:12:16","guid":{"rendered":"https:\/\/fisc.webparaguay.com\/?post_type=product&amp;p=2744"},"modified":"2022-12-19T19:12:16","modified_gmt":"2022-12-19T19:12:16","slug":"estufa-de-secado-con-circulacion-renovacion-de-aire-ma035-5","status":"publish","type":"product","link":"http:\/\/embrion.com.py\/fisc\/producto\/equipamientos-laboratoriales\/estufa-de-secado-con-circulacion-renovacion-de-aire-ma035-5\/","title":{"rendered":"Estufa de Secado con Circulaci\u00f3n\/Renovaci\u00f3n de Aire MA035\/5"},"content":{"rendered":"<p><span style=\"font-family: Times New Roman, serif;\"><span style=\"font-size: medium;\"><b><span style=\"font-family: Arial, serif;\">Datos t\u00e9cnicos:<\/span><\/b><\/span><\/span><\/p>\n<ul>\n<li><span style=\"font-family: Times New Roman, serif;\"><span style=\"font-size: medium;\"><b><span style=\"font-family: Arial, serif;\">Estructura:<\/span><\/b><\/span><\/span><\/li>\n<\/ul>\n<ul>\n<li><span style=\"font-family: Arial, serif;\"><span style=\"font-size: medium;\">Soporte en \u00e1ngulo de acero al carbono con tratamiento anticorrosivo y pintura epoxi electrost\u00e1tica<\/span><\/span><\/li>\n<li><span style=\"font-family: Arial, serif;\"><span style=\"font-size: medium;\">Caja interior con doble c\u00e1mara para circulaci\u00f3n de aire y caja exterior en chapa de acero 1020 con tratamiento anticorrosivo y pintura electrost\u00e1tica en epoxi texturizado<\/span><\/span><\/li>\n<li><span style=\"font-family: Arial, serif;\"><span style=\"font-size: medium;\">Tornillos externos en acero inoxidable AISI 304<\/span><\/span><\/li>\n<li><span style=\"font-family: Arial, serif;\"><span style=\"font-size: medium;\">Soporte para 5 estantes<\/span><\/span><\/li>\n<li><span style=\"font-family: Arial, serif;\"><span style=\"font-size: medium;\">5 estantes en acero inoxidable AISI 430<\/span><\/span><\/li>\n<li><span style=\"font-family: Arial, serif;\"><span style=\"font-size: medium;\">Aislamiento en lana de roca de 80 mm de espesor (sin amianto)<\/span><\/span><\/li>\n<li><span style=\"font-family: Arial, serif;\"><span style=\"font-size: medium;\">Medidas internas en mm: L = 800 x D = 600 x H = 1000 (480 litros)<\/span><\/span><\/li>\n<li><span style=\"font-family: Arial, serif;\"><span style=\"font-size: medium;\">Medidas exteriores en mm: L = 1250 x D = 820 x H = 1650 (fondo sin puerta y bisagra = 750 mm)<\/span><\/span><\/li>\n<li><span style=\"font-family: Arial, serif;\"><span style=\"font-size: medium;\">Puerta con perfil de sellado de silicona, cierre Cremona, apertura 135 grados (evita que los brazos del operador se calienten).<\/span><\/span><\/li>\n<\/ul>\n<ul>\n<li><span style=\"font-family: Times New Roman, serif;\"><span style=\"font-size: medium;\"><span style=\"font-family: Arial, serif;\">Puerta dividida opcional (informar al realizar el pedido)<\/span><\/span><\/span><\/li>\n<li><span style=\"font-family: Arial, serif;\"><span style=\"font-size: medium;\">4 ruedas, 2 con cerradura.<\/span><\/span><\/li>\n<li><span style=\"font-family: Arial, serif;\"><span style=\"font-size: medium;\">Peso neto: 222 Kg<\/span><\/span><\/li>\n<li><span style=\"font-family: Arial, serif;\"><span style=\"font-size: medium;\">Peso bruto: 257 Kg<\/span><\/span><\/li>\n<li><span style=\"font-family: Arial, serif;\"><span style=\"font-size: medium;\">Dimensiones del paquete (mm): L = 1350 XP = 900 XA = 1700<\/span><\/span><\/li>\n<\/ul>\n<ul>\n<li><span style=\"font-family: Times New Roman, serif;\"><span style=\"font-size: medium;\"><b><span style=\"font-family: Arial, serif;\">Termostatizaci\u00f3n:<\/span><\/b><\/span><\/span><\/li>\n<\/ul>\n<ul>\n<li><span style=\"font-family: Arial, serif;\"><span style=\"font-size: medium;\">Motoventilador con motor de inducci\u00f3n, f\u00e1cil acceso para mantenimiento, sin necesidad de colocarlo ni desmontar el aislamiento t\u00e9rmico.<\/span><\/span><\/li>\n<li><span style=\"font-family: Arial, serif;\"><span style=\"font-size: medium;\">Resistencias blindadas en tubo de acero inoxidable AISI 304, con aletas, f\u00e1ciles de reemplazar cuando sea necesario.<\/span><\/span><\/li>\n<li><span style=\"font-family: Arial, serif;\"><span style=\"font-size: medium;\">Las resistencias est\u00e1n garantizadas durante 24 meses.<\/span><\/span><\/li>\n<li><span style=\"font-family: Arial, serif;\"><span style=\"font-size: medium;\">Temperatura de trabajo con circulaci\u00f3n de aire: de ambiente +7 a 200 C, y hasta 150 C con renovaci\u00f3n de aire.<\/span><\/span><\/li>\n<li><span style=\"font-family: Arial, serif;\"><span style=\"font-size: medium;\">Controlador electr\u00f3nico de temperatura MICROPROCESADO, PID, con sensor tipo PT100, lectura digital del proceso y set point.<\/span><\/span><\/li>\n<li><span style=\"font-family: Arial, serif;\"><span style=\"font-size: medium;\">Variaci\u00f3n de temperatura de \u00b1 1 \u00b0 C<\/span><\/span><\/li>\n<li><span style=\"font-family: Arial, serif;\"><span style=\"font-size: medium;\">Sistema de convecci\u00f3n mec\u00e1nica por aire forzado en direcci\u00f3n horizontal para la circulaci\u00f3n del aire,<\/span><\/span><\/li>\n<li><span style=\"font-family: Arial, serif;\"><span style=\"font-size: medium;\">Dispositivo mec\u00e1nico para la renovaci\u00f3n del aire ajustable hasta 200 veces el volumen de la c\u00e1mara,<\/span><\/span><\/li>\n<li><span style=\"font-family: Arial, serif;\"><span style=\"font-size: medium;\">Sistema de protecci\u00f3n para temperaturas superiores a la temperatura de trabajo, con controlador electromec\u00e1nico, regulable por el operador, contra sobrecalentamiento.<\/span><\/span><\/li>\n<li><span style=\"font-family: Arial, serif;\"><span style=\"font-size: medium;\">Sistema de protecci\u00f3n por resistencia, no se activa si hay una falla en el ventilador del motor.<\/span><\/span><\/li>\n<\/ul>\n<ul>\n<li><span style=\"font-family: Times New Roman, serif;\"><span style=\"font-size: medium;\"><b><span style=\"font-family: Arial, serif;\">Energ\u00eda:<\/span><\/b><\/span><\/span><\/li>\n<\/ul>\n<ul>\n<li><span style=\"font-family: Arial, serif;\"><span style=\"font-size: medium;\">Sistema el\u00e9ctrico instalado en el lateral, puerta con llave.<\/span><\/span><\/li>\n<li><span style=\"font-family: Arial, serif;\"><span style=\"font-size: medium;\">Activaci\u00f3n de las resistencias mediante un sistema de cable de alimentaci\u00f3n de tres hilos (dos fases y una tierra) con doble aislamiento, con toma y clavija de tres polos, NBR NM 243 y NBR 14136.<\/span><\/span><\/li>\n<li><span style=\"font-family: Arial, serif;\"><span style=\"font-size: medium;\">4200 vatios, 220 voltios, 60 Hz.<\/span><\/span><\/li>\n<\/ul>\n<p>CON CERTIFICADO DE CALIBRACION SEGUIMIENTO A RBC E INMETRO.<\/p>\n<p>&nbsp;<\/p>\n<p><strong>*** Elementos configurables bajo pedido ***\u00a0<\/strong><\/p>\n<p>Varios tama\u00f1os y vol\u00famenes. La l\u00ednea\u00a0<strong>MA \/ 035<\/strong>\u00a0se puede modificar seg\u00fan las necesidades del cliente en cuanto a temperatura de trabajo, material interno y externo, volumen, etc.<\/p>\n<p>Consulte los modelos de l\u00ednea en la tabla siguiente y, si alguno de nuestros modelos no satisface sus necesidades, cont\u00e1ctenos para una posible personalizaci\u00f3n.<\/p>\n","protected":false},"excerpt":{"rendered":"<p>Equipo aplicable al secado de productos vegetales que requieran una acci\u00f3n de temperatura moderada, reduciendo los riesgos de modificaci\u00f3n de principios activos durante el secado, mejorando la eficiencia mediante un proceso con circulaci\u00f3n y renovaci\u00f3n de aire. Tambi\u00e9n se usa a temperaturas m\u00e1s altas para metales y otras pruebas de expansi\u00f3n.<\/p>\n","protected":false},"featured_media":2794,"comment_status":"closed","ping_status":"closed","template":"","meta":{"_et_pb_use_builder":"","_et_pb_old_content":"","_et_gb_content_width":"","_joinchat":[]},"product_brand":[],"product_cat":[52],"product_tag":[53],"class_list":{"0":"post-2744","1":"product","2":"type-product","3":"status-publish","4":"has-post-thumbnail","6":"product_cat-equipamientos-laboratoriales","7":"product_tag-marconi","9":"first","10":"instock","11":"shipping-taxable","12":"product-type-simple"},"_links":{"self":[{"href":"http:\/\/embrion.com.py\/fisc\/wp-json\/wp\/v2\/product\/2744","targetHints":{"allow":["GET"]}}],"collection":[{"href":"http:\/\/embrion.com.py\/fisc\/wp-json\/wp\/v2\/product"}],"about":[{"href":"http:\/\/embrion.com.py\/fisc\/wp-json\/wp\/v2\/types\/product"}],"replies":[{"embeddable":true,"href":"http:\/\/embrion.com.py\/fisc\/wp-json\/wp\/v2\/comments?post=2744"}],"wp:featuredmedia":[{"embeddable":true,"href":"http:\/\/embrion.com.py\/fisc\/wp-json\/wp\/v2\/media\/2794"}],"wp:attachment":[{"href":"http:\/\/embrion.com.py\/fisc\/wp-json\/wp\/v2\/media?parent=2744"}],"wp:term":[{"taxonomy":"product_brand","embeddable":true,"href":"http:\/\/embrion.com.py\/fisc\/wp-json\/wp\/v2\/product_brand?post=2744"},{"taxonomy":"product_cat","embeddable":true,"href":"http:\/\/embrion.com.py\/fisc\/wp-json\/wp\/v2\/product_cat?post=2744"},{"taxonomy":"product_tag","embeddable":true,"href":"http:\/\/embrion.com.py\/fisc\/wp-json\/wp\/v2\/product_tag?post=2744"}],"curies":[{"name":"wp","href":"https:\/\/api.w.org\/{rel}","templated":true}]}}