{"id":2741,"date":"2022-12-19T19:12:14","date_gmt":"2022-12-19T19:12:14","guid":{"rendered":"https:\/\/fisc.webparaguay.com\/?post_type=product&#038;p=2741"},"modified":"2024-07-26T20:37:53","modified_gmt":"2024-07-27T00:37:53","slug":"agitador-magnetico-con-calefaccion-ma085","status":"publish","type":"product","link":"http:\/\/embrion.com.py\/fisc\/producto\/equipamientos-laboratoriales\/agitador-magnetico-con-calefaccion-ma085\/","title":{"rendered":"Agitador Magn\u00e9tico con Calefacci\u00f3n MA085"},"content":{"rendered":"<p><strong>Datos T\u00e9cnicos<\/strong><\/p>\n<ul>\n<li>Estructura: Carcasa en chapa de acero con tratamiento anticorrosivo y pintura electrost\u00e1tica en epoxi<\/li>\n<li>Plataforma calefactora: aluminio fundido, pulido, con dimensiones de 160 x 160 mm<\/li>\n<li>Dimensiones exteriores (mm.): A=200 x P=225 x Al=140<\/li>\n<li>Calefacci\u00f3n: 50 a 300\u00b0C<\/li>\n<li>Capacidad de agitaci\u00f3n:\u00a0 Hasta 15 litros de agua<\/li>\n<li>Motorizaci\u00f3n: Motor de escobillas con alto torque, rodamientos blindados y movimiento de agitaci\u00f3n constante<\/li>\n<li>Peso: 2,7 Kg<\/li>\n<li>Velocidad: Controlador electr\u00f3nico de velocidad hasta 3.600 RPM<\/li>\n<li>Alimentaci\u00f3n: 220 volts<\/li>\n<li>Consumo: 500 watts<\/li>\n<li>Energ\u00eda: Cable de energ\u00eda trifilar (2 fases y 1 polo a tierra), con doble aislaci\u00f3n, con tomacorriente y enchufe de 3 pines, seg\u00fan NBR NM 243 y NBR 14136<\/li>\n<li>Accesorios incluidos: una barra magn\u00e9tica revestida con PTFE<\/li>\n<li>Ar\u00edculos configurables bajo pedido:\u00a0 De 1 a 6 pruebas y plataforma calefactora en pirocer\u00e1mica.<\/li>\n<\/ul>\n","protected":false},"excerpt":{"rendered":"<p><span style=\"font-family: Times New Roman, serif;\"><span style=\"font-size: medium;\"><span style=\"font-family: Arial, serif;\"><span style=\"font-size: small;\"><span lang=\"af-ZA\">Promueve la agitaci\u00f3n mediante un campo magn\u00e9tico formado por un im\u00e1n acoplado a un peque\u00f1o motor y una barra magn\u00e9tica de PTFE sumergida en el l\u00edquido en un recipiente.<\/span><\/span><\/span><\/span><\/span><\/p>\n","protected":false},"featured_media":2789,"comment_status":"closed","ping_status":"closed","template":"","meta":{"_et_pb_use_builder":"","_et_pb_old_content":"","_et_gb_content_width":"","_joinchat":[]},"product_brand":[],"product_cat":[52],"product_tag":[53],"class_list":{"0":"post-2741","1":"product","2":"type-product","3":"status-publish","4":"has-post-thumbnail","6":"product_cat-equipamientos-laboratoriales","7":"product_tag-marconi","9":"first","10":"instock","11":"shipping-taxable","12":"product-type-simple"},"_links":{"self":[{"href":"http:\/\/embrion.com.py\/fisc\/wp-json\/wp\/v2\/product\/2741","targetHints":{"allow":["GET"]}}],"collection":[{"href":"http:\/\/embrion.com.py\/fisc\/wp-json\/wp\/v2\/product"}],"about":[{"href":"http:\/\/embrion.com.py\/fisc\/wp-json\/wp\/v2\/types\/product"}],"replies":[{"embeddable":true,"href":"http:\/\/embrion.com.py\/fisc\/wp-json\/wp\/v2\/comments?post=2741"}],"wp:featuredmedia":[{"embeddable":true,"href":"http:\/\/embrion.com.py\/fisc\/wp-json\/wp\/v2\/media\/2789"}],"wp:attachment":[{"href":"http:\/\/embrion.com.py\/fisc\/wp-json\/wp\/v2\/media?parent=2741"}],"wp:term":[{"taxonomy":"product_brand","embeddable":true,"href":"http:\/\/embrion.com.py\/fisc\/wp-json\/wp\/v2\/product_brand?post=2741"},{"taxonomy":"product_cat","embeddable":true,"href":"http:\/\/embrion.com.py\/fisc\/wp-json\/wp\/v2\/product_cat?post=2741"},{"taxonomy":"product_tag","embeddable":true,"href":"http:\/\/embrion.com.py\/fisc\/wp-json\/wp\/v2\/product_tag?post=2741"}],"curies":[{"name":"wp","href":"https:\/\/api.w.org\/{rel}","templated":true}]}}