{"id":2740,"date":"2022-12-19T19:12:14","date_gmt":"2022-12-19T19:12:14","guid":{"rendered":"https:\/\/fisc.webparaguay.com\/?post_type=product&#038;p=2740"},"modified":"2024-07-26T21:24:04","modified_gmt":"2024-07-27T01:24:04","slug":"penetrometro-universal","status":"publish","type":"product","link":"http:\/\/embrion.com.py\/fisc\/producto\/equipos-de-ensayos-fisicos\/penetrometro-universal\/","title":{"rendered":"Penetr\u00f3metro Universal"},"content":{"rendered":"<ul>\n<li><span style=\"font-family: Times New Roman, serif;\"><span style=\"font-size: medium;\"><span style=\"font-family: Arial, serif;\">La unidad tiene un dial indicador de 5\u2019\u2019 de di\u00e1metro, graduado en 400 divisiones de 0,1 mm, correspondientes a una penetraci\u00f3n de 40 mm.<\/span><\/span><\/span><\/li>\n<li><span style=\"font-family: Times New Roman, serif;\"><span style=\"font-size: medium;\"><span style=\"font-family: Arial, serif;\">Incluye un \u00e9mbolo de 47,5 g con orificio de 3,2 mm y dos pesos de carga (50 gy 100 g). <\/span><span style=\"font-family: Arial, serif;\"><span lang=\"en-US\">Dim. Total 10.5\u2019\u2019 x 13\u2019\u2019 x 22\u2019\u2019 (266,7 x 330,2 x 558,8 mm).<\/span><\/span><\/span><\/span><\/li>\n<\/ul>\n<p><strong>Ventajas y beneficios<\/strong><\/p>\n<ul>\n<li>Soporta los siguientes est\u00e1ndares: <a href=\"https:\/\/www.humboldtmfg.com\/astm\/D5.html\">ASTM\u00a0D5<\/a>,\u00a0<a href=\"https:\/\/www.humboldtmfg.com\/astm\/D5329.html\">ASTM\u00a0D5329<\/a>,\u00a0<a href=\"https:\/\/www.humboldtmfg.com\/astm\/D1168.html\">ASTM\u00a0D1168<\/a>,\u00a0<a href=\"https:\/\/www.humboldtmfg.com\/astm\/D1321.html\">ASTM\u00a0D1321<\/a>,\u00a0<a href=\"https:\/\/www.humboldtmfg.com\/astm\/D1403.html\">ASTM\u00a0D1403<\/a>,\u00a0<a href=\"https:\/\/www.humboldtmfg.com\/astm\/D937.html\">ASTM\u00a0D937<\/a>,\u00a0<a href=\"https:\/\/www.humboldtmfg.com\/astm\/D217.html\">ASTM\u00a0D217<\/a>,\u00a0<a href=\"https:\/\/www.humboldtmfg.com\/astm\/D1831.html\">ASTM\u00a0D1831<\/a>,\u00a0<a href=\"https:\/\/www.humboldtmfg.com\/astm\/D1831.html\">ASTM\u00a0D1831<\/a>,\u00a0<a href=\"https:\/\/www.humboldtmfg.com\/astm\/D217.html\">ASTM\u00a0D217<\/a>,\u00a0<a href=\"https:\/\/www.humboldtmfg.com\/astm\/D1403.html\">ASTM\u00a0D1403<\/a>,\u00a0<a href=\"https:\/\/www.humboldtmfg.com\/astm\/D937.html\">ASTM\u00a0D937,<\/a> AASHTO\u00a0T49, AASHTO\u00a0T187<\/li>\n<li><strong>Aplicaciones<\/strong><br \/>\n<strong>Modelos:<\/strong><br \/>\nUniversal Penetrometer H-1200<\/li>\n<li>Universal Grease Penetrometer, Model H-1200 with H-2520 Grease Cone H-2510<\/li>\n<li>Universal Penetrometer for Battery\u00a0Paste H-1202<\/li>\n<\/ul>\n","protected":false},"excerpt":{"rendered":"<p>Instrumento de lectura directa para mediciones de precisi\u00f3n de penetraci\u00f3n de materiales bituminosos, cemento, vaselina y ceras, as\u00ed como alimentos, cosm\u00e9ticos y productos farmac\u00e9uticos.<\/p>\n","protected":false},"featured_media":2788,"comment_status":"closed","ping_status":"closed","template":"","meta":{"_et_pb_use_builder":"","_et_pb_old_content":"","_et_gb_content_width":"","_joinchat":[]},"product_brand":[],"product_cat":[51],"product_tag":[44],"class_list":{"0":"post-2740","1":"product","2":"type-product","3":"status-publish","4":"has-post-thumbnail","6":"product_cat-equipos-de-ensayos-fisicos","7":"product_tag-humboldt","9":"first","10":"instock","11":"shipping-taxable","12":"product-type-simple"},"_links":{"self":[{"href":"http:\/\/embrion.com.py\/fisc\/wp-json\/wp\/v2\/product\/2740","targetHints":{"allow":["GET"]}}],"collection":[{"href":"http:\/\/embrion.com.py\/fisc\/wp-json\/wp\/v2\/product"}],"about":[{"href":"http:\/\/embrion.com.py\/fisc\/wp-json\/wp\/v2\/types\/product"}],"replies":[{"embeddable":true,"href":"http:\/\/embrion.com.py\/fisc\/wp-json\/wp\/v2\/comments?post=2740"}],"wp:featuredmedia":[{"embeddable":true,"href":"http:\/\/embrion.com.py\/fisc\/wp-json\/wp\/v2\/media\/2788"}],"wp:attachment":[{"href":"http:\/\/embrion.com.py\/fisc\/wp-json\/wp\/v2\/media?parent=2740"}],"wp:term":[{"taxonomy":"product_brand","embeddable":true,"href":"http:\/\/embrion.com.py\/fisc\/wp-json\/wp\/v2\/product_brand?post=2740"},{"taxonomy":"product_cat","embeddable":true,"href":"http:\/\/embrion.com.py\/fisc\/wp-json\/wp\/v2\/product_cat?post=2740"},{"taxonomy":"product_tag","embeddable":true,"href":"http:\/\/embrion.com.py\/fisc\/wp-json\/wp\/v2\/product_tag?post=2740"}],"curies":[{"name":"wp","href":"https:\/\/api.w.org\/{rel}","templated":true}]}}