{"id":2739,"date":"2022-12-19T19:12:13","date_gmt":"2022-12-19T19:12:13","guid":{"rendered":"https:\/\/fisc.webparaguay.com\/?post_type=product&#038;p=2739"},"modified":"2024-04-16T08:16:47","modified_gmt":"2024-04-16T12:16:47","slug":"maquina-de-prueba-universal-servo-neumatica-155-kn","status":"publish","type":"product","link":"http:\/\/embrion.com.py\/fisc\/producto\/equipos-de-ensayos-fisicos\/maquina-de-prueba-universal-servo-neumatica-155-kn\/","title":{"rendered":"M\u00e1quina de prueba universal servo-neum\u00e1tica (15,5 kN)"},"content":{"rendered":"<ul>\n<li><span style=\"font-family: Arial, serif;\"><span style=\"font-size: medium;\">Fuerza m\u00e1xima: 3500 lbf (15,5 kN) dependiendo de la presi\u00f3n del aire)<\/span><\/span><\/li>\n<li><span style=\"font-family: Arial, serif;\"><span style=\"font-size: medium;\">Transductor de carga: \u00b1 4496 libras (20 kN)<\/span><\/span><\/li>\n<li><span style=\"font-family: Arial, serif;\"><span style=\"font-size: medium;\">Carrera del actuador: 1,2 \u00ab(30 mm)<\/span><\/span><\/li>\n<li><span style=\"font-family: Arial, serif;\"><span style=\"font-size: medium;\">Frecuencia: 0 a 30 Hz<\/span><\/span><\/li>\n<li><span style=\"font-family: Arial, serif;\"><span style=\"font-size: medium;\">Suministro el\u00e9ctrico: 110\/220 V 50\/60 Hz, monof\u00e1sico<\/span><\/span><\/li>\n<li><span style=\"font-family: Arial, serif;\"><span style=\"font-size: medium;\">Aire comprimido: 7-10 bares (100-145psi) @ 21cfm (600 lpm)<\/span><\/span><\/li>\n<li><span style=\"font-family: Arial, serif;\"><span style=\"font-size: medium;\">Dimensiones: 31\u2019\u2019 x 40\u2019\u2019 x 76\u2019\u2019 (780 x 1000 x 1920 mm)<\/span><\/span><\/li>\n<li><span style=\"font-family: Arial, serif;\"><span style=\"font-size: medium;\">Espacio de trabajo requerido (WxDxH): 32,5\u2019\u2019 x 65\u2019\u2019 x 83\u2019\u2019 (825 x 1650 x 2100 mm)<\/span><\/span><\/li>\n<li><span style=\"font-family: Arial, serif;\"><span style=\"font-size: medium;\">PC de escritorio: Incluido<\/span><\/span><\/li>\n<\/ul>\n<p><strong>Ventajas y beneficios<\/strong><\/p>\n<ul>\n<li>Sistema de prueba universal de carga din\u00e1mica de bajo costo ideal para probar asfalto y materiales granulares no ligados<\/li>\n<li>Servov\u00e1lvula de carrete de cer\u00e1mica de alto rendimiento<\/li>\n<li>Actuador de baja fricci\u00f3n de doble efecto con transductor de carrera integral<\/li>\n<li>Estructura de acero inoxidable de alta calidad.<\/li>\n<li>Accesorios disponibles para realizar una variedad de m\u00e9todos de prueba est\u00e1ndar y no est\u00e1ndar<\/li>\n<\/ul>\n<p>&nbsp;<\/p>\n","protected":false},"excerpt":{"rendered":"<p>Sistema de prueba universal de carga din\u00e1mica de bajo costo ideal para probar asfalto y materiales granulares no ligados<\/p>\n","protected":false},"featured_media":2787,"comment_status":"closed","ping_status":"closed","template":"","meta":{"_et_pb_use_builder":"","_et_pb_old_content":"","_et_gb_content_width":"","_joinchat":[]},"product_brand":[],"product_cat":[51],"product_tag":[44],"class_list":{"0":"post-2739","1":"product","2":"type-product","3":"status-publish","4":"has-post-thumbnail","6":"product_cat-equipos-de-ensayos-fisicos","7":"product_tag-humboldt","9":"first","10":"instock","11":"shipping-taxable","12":"product-type-simple"},"_links":{"self":[{"href":"http:\/\/embrion.com.py\/fisc\/wp-json\/wp\/v2\/product\/2739","targetHints":{"allow":["GET"]}}],"collection":[{"href":"http:\/\/embrion.com.py\/fisc\/wp-json\/wp\/v2\/product"}],"about":[{"href":"http:\/\/embrion.com.py\/fisc\/wp-json\/wp\/v2\/types\/product"}],"replies":[{"embeddable":true,"href":"http:\/\/embrion.com.py\/fisc\/wp-json\/wp\/v2\/comments?post=2739"}],"wp:featuredmedia":[{"embeddable":true,"href":"http:\/\/embrion.com.py\/fisc\/wp-json\/wp\/v2\/media\/2787"}],"wp:attachment":[{"href":"http:\/\/embrion.com.py\/fisc\/wp-json\/wp\/v2\/media?parent=2739"}],"wp:term":[{"taxonomy":"product_brand","embeddable":true,"href":"http:\/\/embrion.com.py\/fisc\/wp-json\/wp\/v2\/product_brand?post=2739"},{"taxonomy":"product_cat","embeddable":true,"href":"http:\/\/embrion.com.py\/fisc\/wp-json\/wp\/v2\/product_cat?post=2739"},{"taxonomy":"product_tag","embeddable":true,"href":"http:\/\/embrion.com.py\/fisc\/wp-json\/wp\/v2\/product_tag?post=2739"}],"curies":[{"name":"wp","href":"https:\/\/api.w.org\/{rel}","templated":true}]}}