{"id":2734,"date":"2022-12-19T19:12:12","date_gmt":"2022-12-19T19:12:12","guid":{"rendered":"https:\/\/fisc.webparaguay.com\/?post_type=product&#038;p=2734"},"modified":"2024-07-26T21:21:25","modified_gmt":"2024-07-27T01:21:25","slug":"maquina-de-abrasion-los-angeles","status":"publish","type":"product","link":"http:\/\/embrion.com.py\/fisc\/producto\/equipos-de-ensayos-fisicos\/maquina-de-abrasion-los-angeles\/","title":{"rendered":"M\u00e1quina de abrasi\u00f3n \u201cLos \u00c1ngeles\u201d"},"content":{"rendered":"<ul>\n<li><span style=\"font-family: Arial, serif;\"><span style=\"font-size: medium;\">Dimensiones: 39\u2019\u2019 x 29\u2019\u2019 x 37\u2019\u2019 (991 x 737 x 940 mm)<\/span><\/span><\/li>\n<\/ul>\n<p><span style=\"font-family: Times New Roman, serif;\"><span style=\"font-size: medium;\"><b><span style=\"font-family: Arial, serif;\">Ventajas y beneficios<\/span><\/b><\/span><\/span><\/p>\n<ul>\n<li><span style=\"font-family: Arial, serif;\"><span style=\"font-size: medium;\">Sigue el dise\u00f1o preferido de ASTM y cuenta con un marco de acero estructural soldado, un tambor de acero fabricado de 5\u2019\u2019 de espesor (913 mm) resistente a la abrasi\u00f3n, un estante extra\u00edble, atornillado al tambor y un conjunto de tambor equilibrado para facilitar la rotaci\u00f3n del tambor.<\/span><\/span><\/li>\n<li><span style=\"font-family: Arial, serif;\"><span style=\"font-size: medium;\">La transmisi\u00f3n por cadena cerrada hace girar el tambor sin un embrague deslizante convencional. Esta transmisi\u00f3n positiva brinda mayor precisi\u00f3n.<\/span><\/span><\/li>\n<li><span style=\"font-family: Arial, serif;\"><span style=\"font-size: medium;\">El reductor de velocidad motorizado de transmisi\u00f3n helicoidal aut\u00f3noma tiene cojinetes antifricci\u00f3n y lubricaci\u00f3n sellada.<\/span><\/span><\/li>\n<li><span style=\"font-family: Arial, serif;\"><span style=\"font-size: medium;\">El motor de 1 hp controlado electr\u00f3nicamente est\u00e1 equipado con grandes controles de bot\u00f3n y un corte autom\u00e1tico de sobrecarga.<\/span><\/span><\/li>\n<li><span style=\"font-family: Arial, serif;\"><span style=\"font-size: medium;\">Los controles pueden retirarse de la m\u00e1quina de abrasi\u00f3n y montarse fuera de un recinto ac\u00fastico o montarse en una pared cercana.<\/span><\/span><\/li>\n<li><span style=\"font-family: Arial, serif;\"><span style=\"font-size: medium;\">La unidad incluye un contador de revoluciones configurado por el usuario, una bandeja de recogida de material y una carga de abrasi\u00f3n que consta de 12 bolas de acero endurecido.<\/span><\/span><\/li>\n<\/ul>\n<p><strong>Aplicaciones<\/strong><br \/>\nAdmite las siguientes normas:\u00a0<a href=\"https:\/\/www.humboldtmfg.com\/astm\/C131.html\">ASTM C131<\/a>\u00a0,\u00a0<a href=\"https:\/\/www.humboldtmfg.com\/astm\/C535.html\">ASTM C535\u00a0<\/a>, AASHTO T96<\/p>\n","protected":false},"excerpt":{"rendered":"<p>La m\u00e1quina de abrasi\u00f3n de Los \u00c1ngeles se utiliza para medir la degradaci\u00f3n del agregado mineral de las graduaciones est\u00e1ndar que resulta de una combinaci\u00f3n de acciones que incluyen abrasi\u00f3n o desgaste, impacto y molienda en un tambor de acero giratorio que contiene un n\u00famero espec\u00edfico de esferas de acero. La prueba se usa ampliamente como indicador de la calidad relativa de varias fuentes de agregados que tienen composiciones minerales similares.<\/p>\n","protected":false},"featured_media":2775,"comment_status":"closed","ping_status":"closed","template":"","meta":{"_et_pb_use_builder":"","_et_pb_old_content":"","_et_gb_content_width":"","_joinchat":[]},"product_brand":[],"product_cat":[51],"product_tag":[44],"class_list":{"0":"post-2734","1":"product","2":"type-product","3":"status-publish","4":"has-post-thumbnail","6":"product_cat-equipos-de-ensayos-fisicos","7":"product_tag-humboldt","9":"first","10":"instock","11":"shipping-taxable","12":"product-type-simple"},"_links":{"self":[{"href":"http:\/\/embrion.com.py\/fisc\/wp-json\/wp\/v2\/product\/2734","targetHints":{"allow":["GET"]}}],"collection":[{"href":"http:\/\/embrion.com.py\/fisc\/wp-json\/wp\/v2\/product"}],"about":[{"href":"http:\/\/embrion.com.py\/fisc\/wp-json\/wp\/v2\/types\/product"}],"replies":[{"embeddable":true,"href":"http:\/\/embrion.com.py\/fisc\/wp-json\/wp\/v2\/comments?post=2734"}],"wp:featuredmedia":[{"embeddable":true,"href":"http:\/\/embrion.com.py\/fisc\/wp-json\/wp\/v2\/media\/2775"}],"wp:attachment":[{"href":"http:\/\/embrion.com.py\/fisc\/wp-json\/wp\/v2\/media?parent=2734"}],"wp:term":[{"taxonomy":"product_brand","embeddable":true,"href":"http:\/\/embrion.com.py\/fisc\/wp-json\/wp\/v2\/product_brand?post=2734"},{"taxonomy":"product_cat","embeddable":true,"href":"http:\/\/embrion.com.py\/fisc\/wp-json\/wp\/v2\/product_cat?post=2734"},{"taxonomy":"product_tag","embeddable":true,"href":"http:\/\/embrion.com.py\/fisc\/wp-json\/wp\/v2\/product_tag?post=2734"}],"curies":[{"name":"wp","href":"https:\/\/api.w.org\/{rel}","templated":true}]}}