{"id":2732,"date":"2022-12-19T19:12:12","date_gmt":"2022-12-19T19:12:12","guid":{"rendered":"https:\/\/fisc.webparaguay.com\/?post_type=product&#038;p=2732"},"modified":"2024-04-16T08:22:52","modified_gmt":"2024-04-16T12:22:52","slug":"aparato-de-cizallamiento-directo-residual-automatizado","status":"publish","type":"product","link":"http:\/\/embrion.com.py\/fisc\/producto\/equipos-de-ensayos-fisicos\/aparato-de-cizallamiento-directo-residual-automatizado\/","title":{"rendered":"Aparato de cizallamiento directo \/ residual automatizado"},"content":{"rendered":"<ul>\n<li><span style=\"font-family: Arial, serif;\"><span style=\"font-size: medium;\">Movimiento horizontal: 2 \u00ab(50 mm) m\u00e1ximo<\/span><\/span><\/li>\n<li><span style=\"font-family: Arial, serif;\"><span style=\"font-size: medium;\">Fuerza de corte horizontal: 2000 libras (10 kN)<\/span><\/span><\/li>\n<li><span style=\"font-family: Arial, serif;\"><span style=\"font-size: medium;\">Carga vertical: 2000 libras (10 kN)<\/span><\/span><\/li>\n<li><span style=\"font-family: Arial, serif;\"><span style=\"font-size: medium;\">Canales de datos: 4<\/span><\/span><\/li>\n<li><span style=\"font-family: Arial, serif;\"><span style=\"font-size: medium;\">Rango de velocidad: 0,00001 a 0,49999 pulg.\/min. (0,00001 a 12,9999 mm \/ min)<\/span><\/span><\/li>\n<li><span style=\"font-family: Arial, serif;\"><span style=\"font-size: medium;\">Almacenamiento de datos: 1000 pruebas y hasta 3000 lecturas por prueba<\/span><\/span><\/li>\n<li><span style=\"font-family: Arial, serif;\"><span style=\"font-size: medium;\">Dimensiones: 30 \u00abx 15,5\u00bb x 22 \u00ab(760 x 394 x 558 mm)<\/span><\/span><\/li>\n<li><span style=\"font-family: Arial, serif;\"><span style=\"font-size: medium;\">Voltaje: 110 \/ 220V 50 \/ 60Hz &#8211; 6.5 amperios<\/span><\/span><\/li>\n<li><span style=\"font-family: Arial, serif;\"><span style=\"font-size: medium;\">Pantalla (toque resistivo): VGA de 7 \u00ab(178 mm) (480 x 800)<\/span><\/span><\/li>\n<li><span style=\"font-family: Arial, serif;\"><span style=\"font-size: medium;\">Datos de prueba en tiempo real: Gr\u00e1fico y tabulaci\u00f3n<\/span><\/span><\/li>\n<li><span style=\"font-family: Arial, serif;\"><span style=\"font-size: medium;\">Procesador: BRAZO dual de 32 bits<\/span><\/span><\/li>\n<li><span style=\"font-family: Arial, serif;\"><span style=\"font-size: medium;\">Conversor anal\u00f3gico a digital: 24 bits<\/span><\/span><\/li>\n<li><span style=\"font-family: Arial, serif;\"><span style=\"font-size: medium;\">Adquisici\u00f3n de datos: 4 canales<\/span><\/span><\/li>\n<li><span style=\"font-family: Arial, serif;\"><span style=\"font-size: medium;\">Velocidad de registro: hasta 50 lecturas por segundo<\/span><\/span><\/li>\n<li><span style=\"font-family: Arial, serif;\"><span style=\"font-size: medium;\">Almacenamiento de pruebas m\u00faltiples: 1000<\/span><\/span><\/li>\n<li><span style=\"font-family: Arial, serif;\"><span style=\"font-size: medium;\">Puntos por prueba: 3000<\/span><\/span><\/li>\n<li><span style=\"font-family: Arial, serif;\"><span style=\"font-size: medium;\">Puerto USB (frontal): exportar datos, importar \/ exportar datos de calibraci\u00f3n, WiFi<\/span><\/span><\/li>\n<li><span style=\"font-family: Arial, serif;\"><span style=\"font-size: medium;\">Puerto USB (trasero): proporciona energ\u00eda externa para el punto de acceso inal\u00e1mbrico<\/span><\/span><\/li>\n<li><span style=\"font-family: Arial, serif;\"><span style=\"font-size: medium;\">Conexi\u00f3n ethernet: para conectividad de red<\/span><\/span><\/li>\n<li><span style=\"font-family: Arial, serif;\"><span style=\"font-size: medium;\">Convertidor diferencial anal\u00f3gico a digital de 24 bits: 2<\/span><\/span><\/li>\n<li><span style=\"font-family: Arial, serif;\"><span style=\"font-size: medium;\">Sensor de temperatura ambiente: 1 <\/span><\/span><\/li>\n<li><span style=\"font-family: Arial, serif;\"><span style=\"font-size: medium;\">Actualizaci\u00f3n de firmware: Ethernet o unidad flash<\/span><\/span><\/li>\n<\/ul>\n<ul>\n<li style=\"list-style-type: none;\">\n<ul>\n<li style=\"list-style-type: none;\"><\/li>\n<\/ul>\n<\/li>\n<\/ul>\n<p><strong>Ventajas y beneficios<\/strong><\/p>\n<ul>\n<li>Control de la m\u00e1quina y adquisici\u00f3n de datos a trav\u00e9s de una computadora en red<\/li>\n<li>Proporciona la capacidad de utilizar los m\u00f3dulos avanzados espec\u00edficos de prueba de Next Software de Humboldt<\/li>\n<li>Cuadro gr\u00e1fico en tiempo real y visualizaci\u00f3n num\u00e9rica de pruebas a trav\u00e9s de la pantalla de la computadora<\/li>\n<li>Tasa de muestreo efectiva de 50 lecturas por segundo<\/li>\n<li>Almacena pruebas ilimitadas con hasta 3000 puntos por prueba.<\/li>\n<li>Se pueden ejecutar hasta 255 pruebas individuales simult\u00e1neamente desde una sola PC<\/li>\n<li>Proporciona capacidades gr\u00e1ficas avanzadas<\/li>\n<li>Proporciona personalizaci\u00f3n de unidad completa<\/li>\n<li>Los informes tambi\u00e9n se pueden exportar a Excel o un archivo CSV, si lo desea, y podemos proporcionar soluciones personalizadas de integraci\u00f3n \/ exportaci\u00f3n para LIMS, EQuIS, gINT, etc.<\/li>\n<\/ul>\n<p>&nbsp;<\/p>\n","protected":false},"excerpt":{"rendered":"<p>La l\u00ednea de probadores de suelos no confinados de Humboldt permite determinaciones r\u00e1pidas y precisas de la resistencia a la compresi\u00f3n no confinada de suelos cohesivos en estado intacto, remodelado o reconstituido en el campo o en el laboratorio.<\/p>\n","protected":false},"featured_media":2773,"comment_status":"closed","ping_status":"closed","template":"","meta":{"_et_pb_use_builder":"","_et_pb_old_content":"","_et_gb_content_width":"","_joinchat":[]},"product_brand":[],"product_cat":[51],"product_tag":[44],"class_list":{"0":"post-2732","1":"product","2":"type-product","3":"status-publish","4":"has-post-thumbnail","6":"product_cat-equipos-de-ensayos-fisicos","7":"product_tag-humboldt","9":"first","10":"instock","11":"shipping-taxable","12":"product-type-simple"},"_links":{"self":[{"href":"http:\/\/embrion.com.py\/fisc\/wp-json\/wp\/v2\/product\/2732","targetHints":{"allow":["GET"]}}],"collection":[{"href":"http:\/\/embrion.com.py\/fisc\/wp-json\/wp\/v2\/product"}],"about":[{"href":"http:\/\/embrion.com.py\/fisc\/wp-json\/wp\/v2\/types\/product"}],"replies":[{"embeddable":true,"href":"http:\/\/embrion.com.py\/fisc\/wp-json\/wp\/v2\/comments?post=2732"}],"wp:featuredmedia":[{"embeddable":true,"href":"http:\/\/embrion.com.py\/fisc\/wp-json\/wp\/v2\/media\/2773"}],"wp:attachment":[{"href":"http:\/\/embrion.com.py\/fisc\/wp-json\/wp\/v2\/media?parent=2732"}],"wp:term":[{"taxonomy":"product_brand","embeddable":true,"href":"http:\/\/embrion.com.py\/fisc\/wp-json\/wp\/v2\/product_brand?post=2732"},{"taxonomy":"product_cat","embeddable":true,"href":"http:\/\/embrion.com.py\/fisc\/wp-json\/wp\/v2\/product_cat?post=2732"},{"taxonomy":"product_tag","embeddable":true,"href":"http:\/\/embrion.com.py\/fisc\/wp-json\/wp\/v2\/product_tag?post=2732"}],"curies":[{"name":"wp","href":"https:\/\/api.w.org\/{rel}","templated":true}]}}