{"id":2727,"date":"2022-12-19T19:12:07","date_gmt":"2022-12-19T22:12:07","guid":{"rendered":"https:\/\/fisc.webparaguay.com\/?post_type=product&#038;p=2727"},"modified":"2024-04-16T08:24:54","modified_gmt":"2024-04-16T12:24:54","slug":"rotavapor-r-100","status":"publish","type":"product","link":"http:\/\/embrion.com.py\/fisc\/producto\/rotavapores\/rotavapor-r-100\/","title":{"rendered":"Rotavapor\u00ae R-100"},"content":{"rendered":"<p><strong>Rotavapor\u00ae R-100<\/strong><br \/>\n&#8211; Dimensiones (An x Al x P): 617 x 898 x 502 mm (con condensador y ba\u00f1o calefactor)<br \/>\n&#8211; Peso : 18 \u2013 19 kg (en funci\u00f3n de las piezas de vidrio)<br \/>\n&#8211; Tensi\u00f3n : 24 V CC<br \/>\n&#8211; Consumo el\u00e9ctrico: 30 W<br \/>\n&#8211; Grado de protecci\u00f3n: IP20<br \/>\n&#8211; \u00c1ngulo de inmersi\u00f3n: 0 \u2013 35\u00b0<br \/>\n&#8211; Altura regulable: 145 mm (ampliable + 115 mm)<br \/>\n&#8211; Velocidad de rotaci\u00f3n: 20 \u2013 280 r.p.m.<br \/>\n&#8211; Tama\u00f1o de matraz: 50 \u2013 4000 mL<br \/>\n&#8211; Aprobaci\u00f3n: CE<br \/>\n<strong>Ba\u00f1o calefactor B-100<\/strong><br \/>\n&#8211; Dimensiones (An x Al x P): 285 x 219 x 326 mm<br \/>\n&#8211; Peso: 3,9 kg<br \/>\n&#8211; Tensi\u00f3n: 100 \u2013 120 V\/220 \u2013 240 V<br \/>\n&#8211; Frecuencia: 50 \u2013 60 Hz<br \/>\n&#8211; Consumo el\u00e9ctrico: 1700 W<br \/>\n&#8211; Potencia calor\u00edfica: 1300 W<br \/>\n&#8211; Grado de protecci\u00f3n: IP20<br \/>\n&#8211; Intervalo de temperatura: 20 &#8211; 95 \u00b0C<br \/>\n&#8211; Tama\u00f1o m\u00e1x. de matraz: 4000 mL<br \/>\n&#8211; Precisi\u00f3n de la regulaci\u00f3n \u00b1 1 %<br \/>\n&#8211; Capacidad ba\u00f1o: 4 L<br \/>\n&#8211; Protecci\u00f3n contra sobrecalentamiento: &gt; 145 \u00b0C<br \/>\n&#8211; Aprobaci\u00f3n: CE<\/p>\n<p><strong>Beneficios y ventajas\u00a0<\/strong><\/p>\n<p>&#8211; Econ\u00f3mico<br \/>\n&#8211; Su dise\u00f1o cumple las necesidades esenciales de evaporaci\u00f3n<br \/>\n&#8211; Larga duraci\u00f3n gracias al uso de materiales de alta calidad<br \/>\n&#8211; Funcionamiento confiable gracias a su s\u00f3lido dise\u00f1o<br \/>\n&#8211; Rapidez y comodidad de uso gracias al mecanismo elevador manual<br \/>\n&#8211; El combi-clip multifuncional permite manipular el matraz y retirar el conducto de vapor de forma sencilla<br \/>\n&#8211; F\u00e1cil manejo gracias a la integraci\u00f3n de la Interfaz, la bomba de vac\u00edo y el recirculador<br \/>\n&#8211; Compatible con una gran diversidad de m\u00f3dulos de vidrio y accesorios<br \/>\n&#8211; El ba\u00f1o calefactor independiente proporciona flexibilidad de uso en otras aplicaciones<\/p>\n<p><strong>Aplicaci\u00f3n<\/strong><\/p>\n<ul>\n<li><strong>Qu\u00edmica:<\/strong> para aplicaciones cotidianas en los laboratorios de I+D y control de calidad: Concentraci\u00f3n, Reacci\u00f3n de reflujo, Recristalizaci\u00f3n, Sublimaci\u00f3n.<\/li>\n<li><strong>Evaporaci\u00f3n para Laboratorio An\u00e1lisis Medioambiental:<\/strong> necesario para la preparaci\u00f3n de muestras con fines de control de la contaminaci\u00f3n ambiental: Extracci\u00f3n Soxhlet, Concentraci\u00f3n.<\/li>\n<li><strong>Acad\u00e9mico\/Educativo:<\/strong> para una gran variedad de aplicaciones en el \u00e1mbito de la formaci\u00f3n acad\u00e9mica: Gama de aplicaciones de evaporaci\u00f3n completa.<\/li>\n<li><strong>Farmac\u00e9utica:<\/strong> para distintas aplicaciones de control de calidad y f\u00f3rmulas de laboratorio en los departamentos de I+D: Destilaci\u00f3n, Concentraci\u00f3n, Secado.<\/li>\n<li><strong>Alimentaci\u00f3n \/ Bebidas:<\/strong> se utiliza con fines de control de la calidad en el sector de la alimentaci\u00f3n y las bebidas, as\u00ed como para el desarrollo de nuevos ingredientes y componentes: Destilaci\u00f3n, Concentraci\u00f3n, Secado.<\/li>\n<li><strong>Piensos:<\/strong> se utiliza con fines de control de la calidad en el sector de los piensos, as\u00ed como para el desarrollo de nuevos ingredientes y componentes: Destilaci\u00f3n, Concentraci\u00f3n, Secado<\/li>\n<\/ul>\n<p>&nbsp;<\/p>\n<p>&nbsp;<\/p>\n","protected":false},"excerpt":{"rendered":"<p>El Rotavapor\u00ae R-100 es un evaporador rotatorio que permite conseguir destilaciones en una etapa de forma r\u00e1pida y sin da\u00f1ar el producto. Este proceso se basa en la evaporaci\u00f3n y condensaci\u00f3n de disolventes utilizando un matraz evaporador rotatorio al vac\u00edo.<\/p>\n","protected":false},"featured_media":2752,"comment_status":"closed","ping_status":"closed","template":"","meta":{"_et_pb_use_builder":"","_et_pb_old_content":"","_et_gb_content_width":"","_joinchat":[]},"product_brand":[],"product_cat":[67],"product_tag":[19],"class_list":{"0":"post-2727","1":"product","2":"type-product","3":"status-publish","4":"has-post-thumbnail","6":"product_cat-rotavapores","7":"product_tag-buchi","9":"first","10":"instock","11":"shipping-taxable","12":"product-type-simple"},"_links":{"self":[{"href":"http:\/\/embrion.com.py\/fisc\/wp-json\/wp\/v2\/product\/2727","targetHints":{"allow":["GET"]}}],"collection":[{"href":"http:\/\/embrion.com.py\/fisc\/wp-json\/wp\/v2\/product"}],"about":[{"href":"http:\/\/embrion.com.py\/fisc\/wp-json\/wp\/v2\/types\/product"}],"replies":[{"embeddable":true,"href":"http:\/\/embrion.com.py\/fisc\/wp-json\/wp\/v2\/comments?post=2727"}],"wp:featuredmedia":[{"embeddable":true,"href":"http:\/\/embrion.com.py\/fisc\/wp-json\/wp\/v2\/media\/2752"}],"wp:attachment":[{"href":"http:\/\/embrion.com.py\/fisc\/wp-json\/wp\/v2\/media?parent=2727"}],"wp:term":[{"taxonomy":"product_brand","embeddable":true,"href":"http:\/\/embrion.com.py\/fisc\/wp-json\/wp\/v2\/product_brand?post=2727"},{"taxonomy":"product_cat","embeddable":true,"href":"http:\/\/embrion.com.py\/fisc\/wp-json\/wp\/v2\/product_cat?post=2727"},{"taxonomy":"product_tag","embeddable":true,"href":"http:\/\/embrion.com.py\/fisc\/wp-json\/wp\/v2\/product_tag?post=2727"}],"curies":[{"name":"wp","href":"https:\/\/api.w.org\/{rel}","templated":true}]}}