{"id":2726,"date":"2022-12-19T19:12:05","date_gmt":"2022-12-19T22:12:05","guid":{"rendered":"https:\/\/fisc.webparaguay.com\/?post_type=product&#038;p=2726"},"modified":"2024-04-16T08:25:39","modified_gmt":"2024-04-16T12:25:39","slug":"rotavapor-r-250-pro","status":"publish","type":"product","link":"http:\/\/embrion.com.py\/fisc\/producto\/rotavapores\/rotavapor-r-250-pro\/","title":{"rendered":"Rotavapor\u00ae R-250 Pro"},"content":{"rendered":"<p>&#8211; Dimensiones (Anchura x Profundidad x Altura) (con vidrio): 1450 x 850 x 2300 mm<br \/>\n&#8211; Espacio de separaci\u00f3n m\u00ednimo en todos los lados: 400 mm<br \/>\n&#8211; Peso (con vidrio): 200 kg<br \/>\n&#8211; Tensi\u00f3n de conexi\u00f3n: 400 \u00b1 10 % V CA 3N~<br \/>\n&#8211; Consumo el\u00e9ctrico: 7500 W<br \/>\n&#8211; Frecuencia: 50\/60 Hz<br \/>\n&#8211; C\u00f3digo IP: IP20<br \/>\n&#8211; Rango de velocidad de rotaci\u00f3n: 5 \u2013 120 rpm<br \/>\n&#8211; Rango de temperatura del ba\u00f1o calefactor: 20 \u2013 180 \u00b0C \u00b1 2 \u00b0C<br \/>\n&#8211; Medio de calentamiento: Agua, Polietilenglicol 400<br \/>\n&#8211; Consumo del agua de refrigeraci\u00f3n: 200 \u2013 400 L\/h<br \/>\n&#8211; Requisito de la bomba de vac\u00edo: m\u00edn. 3 m\u00b3\/h<br \/>\n&#8211; Fuga del sistema completo: &lt;1 mbar\/min<br \/>\n&#8211; Aprobaci\u00f3n (tensi\u00f3n de conexi\u00f3n de 400 V CA): CE, UL\/CSA<br \/>\n&#8211; Precisi\u00f3n de la rotaci\u00f3n: De \u00b1 1 rpm a 5 rpm a \u00b1 5 rpm a 120 rpm<br \/>\n&#8211; Capacidad de calentamiento: 6600 W<\/p>\n<p><strong>Beneficios y ventajas\u00a0<\/strong><\/p>\n<p>&#8211; Puede trabajar en condiciones de producci\u00f3n adversas sin poner en peligro la larga duraci\u00f3n del producto.<br \/>\n&#8211; La interfaz intuitiva le permite acceder a todos los par\u00e1metros del proceso con una amplia visi\u00f3n general de los ajustes, las lecturas reales y el gr\u00e1fico de progresi\u00f3n.<br \/>\n&#8211; Si necesita automatizaci\u00f3n, nuestras tecnolog\u00edas de detecci\u00f3n con sensores de espuma, nivel y temperatura de refrigeraci\u00f3n le permitir\u00e1n realizar destilaciones sin vigilancia. La supervisi\u00f3n y el control remotos es una realidad gracias a nuestra interfaz abierta y a los servicios en la nube de BUCHI.<br \/>\n&#8211; Nuestro dise\u00f1o s\u00f3lido y nuestras caracter\u00edsticas de seguridad, como el vidrio con recubrimiento de pl\u00e1stico (P+G), la protecci\u00f3n frente al exceso de temperatura, la liberaci\u00f3n de exceso de presi\u00f3n, el drenaje del desbordamiento del ba\u00f1o y las v\u00e1lvulas con resorte, garantizan la m\u00e1xima seguridad.<br \/>\n&#8211; Programe sus procedimientos de funcionamiento est\u00e1ndar (SOP) personalizados en el Interfaz I-300 Pro para guiar c\u00f3modamente al usuario a lo largo de todo el proceso.<\/p>\n<p><strong>Aplicaci\u00f3n<\/strong><\/p>\n<p><strong>&#8211; Industria Qu\u00edmica<\/strong>: en la industria qu\u00edmica se pueden realizar una amplia gama de aplicaciones con un Rotavapor\u00ae industrial: Concentraci\u00f3n, Secado, Reciclado de disolventes.<\/p>\n<p><strong>&#8211; Industria Farmac\u00e9utica:<\/strong> la industria farmac\u00e9utica tiene la necesidad de disponer de una soluci\u00f3n de evaporaci\u00f3n que cubra una amplia gama de aplicaciones. El evaporador rotatorio es la mejor opci\u00f3n para la evaporaci\u00f3n suave: Concentraci\u00f3n, Secado, Recristalizaci\u00f3n, S\u00edntesis.<\/p>\n","protected":false},"excerpt":{"rendered":"<p>El instrumento es un evaporador rotatorio que ayuda a realizar una destilaci\u00f3n de fase \u00fanica r\u00e1pidamente sin someter al producto a un estr\u00e9s excesivo. El proceso se basa en la evaporaci\u00f3n y condensaci\u00f3n de disolventes en un matraz de evaporaci\u00f3n rotatoria al vac\u00edo.<\/p>\n","protected":false},"featured_media":2751,"comment_status":"closed","ping_status":"closed","template":"","meta":{"_et_pb_use_builder":"","_et_pb_old_content":"","_et_gb_content_width":"","_joinchat":[]},"product_brand":[],"product_cat":[67],"product_tag":[19],"class_list":{"0":"post-2726","1":"product","2":"type-product","3":"status-publish","4":"has-post-thumbnail","6":"product_cat-rotavapores","7":"product_tag-buchi","9":"first","10":"instock","11":"shipping-taxable","12":"product-type-simple"},"_links":{"self":[{"href":"http:\/\/embrion.com.py\/fisc\/wp-json\/wp\/v2\/product\/2726","targetHints":{"allow":["GET"]}}],"collection":[{"href":"http:\/\/embrion.com.py\/fisc\/wp-json\/wp\/v2\/product"}],"about":[{"href":"http:\/\/embrion.com.py\/fisc\/wp-json\/wp\/v2\/types\/product"}],"replies":[{"embeddable":true,"href":"http:\/\/embrion.com.py\/fisc\/wp-json\/wp\/v2\/comments?post=2726"}],"wp:featuredmedia":[{"embeddable":true,"href":"http:\/\/embrion.com.py\/fisc\/wp-json\/wp\/v2\/media\/2751"}],"wp:attachment":[{"href":"http:\/\/embrion.com.py\/fisc\/wp-json\/wp\/v2\/media?parent=2726"}],"wp:term":[{"taxonomy":"product_brand","embeddable":true,"href":"http:\/\/embrion.com.py\/fisc\/wp-json\/wp\/v2\/product_brand?post=2726"},{"taxonomy":"product_cat","embeddable":true,"href":"http:\/\/embrion.com.py\/fisc\/wp-json\/wp\/v2\/product_cat?post=2726"},{"taxonomy":"product_tag","embeddable":true,"href":"http:\/\/embrion.com.py\/fisc\/wp-json\/wp\/v2\/product_tag?post=2726"}],"curies":[{"name":"wp","href":"https:\/\/api.w.org\/{rel}","templated":true}]}}