{"id":2725,"date":"2022-12-19T19:12:02","date_gmt":"2022-12-19T22:12:02","guid":{"rendered":"https:\/\/fisc.webparaguay.com\/?post_type=product&#038;p=2725"},"modified":"2024-04-16T08:26:22","modified_gmt":"2024-04-16T12:26:22","slug":"rotavapor-r-220-pro","status":"publish","type":"product","link":"http:\/\/embrion.com.py\/fisc\/producto\/rotavapores\/rotavapor-r-220-pro\/","title":{"rendered":"Rotavapor\u00ae R-220 Pro"},"content":{"rendered":"<p>&#8211; Navegaci\u00f3n intuitiva: una combinaci\u00f3n de pantalla t\u00e1ctil capacitiva separable de 8,7&#8243; y teclas f\u00edsicas adicionales de navegaci\u00f3n y parada de emergencia ofrecen la m\u00e1xima usabilidad y control remoto.<br \/>\n&#8211; Su intuitiva interfaz ofrece una visi\u00f3n global completa de los ajustes, lecturas actualizadas y gr\u00e1ficos de progreso de los par\u00e1metros de proceso relevantes en cualquier momento.<br \/>\n&#8211; Destilaci\u00f3n autom\u00e1tica: las muestras que producen espuma ya no son un problema: la funci\u00f3n AutoDest y el sensor de espuma garantizan una destilaci\u00f3n segura y autom\u00e1tica de hasta las muestras m\u00e1s complicadas.<br \/>\n&#8211; M\u00e9todos programables: los procedimientos operativos est\u00e1ndar personalizados (por sus siglas en ingl\u00e9s, SOP) ofrecen orientaci\u00f3n pr\u00e1ctica al usuario durante el proceso y env\u00edan notificaciones a m\u00f3viles si el sistema requiere atenci\u00f3n.<br \/>\n&#8211; M\u00e1xima seguridad: las funciones de seguridad incluyen piezas de vidrio con recubrimiento de pl\u00e1stico (P+G), protecci\u00f3n contra sobrecalentamiento, sistema de alivio de sobrepresi\u00f3n, drenaje de desbordamiento, v\u00e1lvulas con resorte para la prevenci\u00f3n de rotura del vidrio, as\u00ed como supervisi\u00f3n y control remotos.<br \/>\n&#8211; Funcionamiento continuo: su dise\u00f1o robusto y el uso de materiales de primera calidad permiten un funcionamiento prolongado incluso en condiciones de producci\u00f3n duras y garantiza una larga vida \u00fatil del producto.<br \/>\n&#8211; Supervisi\u00f3n desde dispositivos m\u00f3viles: la aplicaci\u00f3n del Rotavapor\u00ae, disponible en iOS, Android y Windows, ofrece: supervisi\u00f3n de los par\u00e1metros de proceso, incluyendo notificaciones push y gr\u00e1ficas si ocurren imprevistos o si se requiere la intervenci\u00f3n manual. Tambi\u00e9n incluye la parada de emergencia para usuarios con derechos de administraci\u00f3n.<br \/>\n&#8211; Control remoto a trav\u00e9s de la interfaz: la interfaz separable permite el control remoto mediante un cable de 15\u00a0m para hacer posible su funcionamiento en: campanas de humos, cuartos limpios o c\u00e1maras aislantes.<\/p>\n<p><strong>Beneficios y ventajas\u00a0<\/strong><\/p>\n<p>&#8211; Dise\u00f1o intuitivo con m\u00e9todos programables que ofrecen orientaci\u00f3n mediante SOP, destilaci\u00f3n autom\u00e1tica incluso en muestras que producen espuma y control remoto desde tel\u00e9fonos m\u00f3viles con notificaciones push incluidas.<br \/>\n&#8211; Manejo pr\u00e1ctico de los matraces gracias al acoplamiento de matraces patentado y al exclusivo soporte de matraces de BUCHI.<br \/>\n&#8211; Seguridad m\u00e1xima garantizada a trav\u00e9s del uso de piezas de vidrio con revestimiento de pl\u00e1stico (P+G), adem\u00e1s de pantallas y rejillas de protecci\u00f3n.<br \/>\n&#8211; Cuatro Plataformas Pro R-220 para satisfacer sus necesidades espec\u00edficas: m\u00e1xima flexibilidad, alto rendimiento, grandes vol\u00famenes o exigencias b\u00e1sicas.<br \/>\n&#8211; Siete m\u00f3dulos de vidrio disponibles para diversos usos: incluyendo, entre otros, la destilaci\u00f3n de muestras que producen espuma, la recristalizaci\u00f3n por reflujo y en casos con restricciones de altura.<br \/>\n&#8211; C\u00f3moda ampliaci\u00f3n del sistema gracias a una amplia gama de accesorios como la detecci\u00f3n autom\u00e1tica de espuma, control de la temperatura, control del flujo de refrigerante y un largo etc\u00e9tera<br \/>\n&#8211; Vida \u00fatil optimizada mediante el uso exclusivo de acero inoxidable resistente a la corrosi\u00f3n.<br \/>\n&#8211; Sin riesgo de contaminaci\u00f3n del producto gracias al uso de materiales con un alto grado de resistencia a las sustancias qu\u00edmicas<br \/>\n&#8211; Funcionamiento continuo (24 horas, 7 d\u00edas a la semana) resultado de su s\u00f3lido dise\u00f1o industrial.<\/p>\n<p><strong>Aplicaci\u00f3n<\/strong><\/p>\n<p><strong>&#8211; Sector Acad\u00e9mico:<\/strong> la reutilizaci\u00f3n de disolventes juega un papel importante en el \u00e1mbito acad\u00e9mico. El Rotavapor\u00ae es la mejor opci\u00f3n para \u00e9sta y muchas otras aplicaciones: Concentraci\u00f3n, Reciclado de disolventes, Destilaci\u00f3n.<\/p>\n<p><strong>&#8211; Industria Qu\u00edmica:<\/strong> en la industria qu\u00edmica se pueden realizar una amplia gama de aplicaciones con un Rotavapor\u00ae industrial: Concentraci\u00f3n, Secado, Reciclado de disolventes.<\/p>\n<p><strong>&#8211; Industria Farmac\u00e9utica:<\/strong> la industria farmac\u00e9utica tiene la necesidad de disponer de una soluci\u00f3n de evaporaci\u00f3n que cubra una amplia gama de aplicaciones. El evaporador rotatorio es la mejor opci\u00f3n para la evaporaci\u00f3n suave: Concentraci\u00f3n, Secado, Recristalizaci\u00f3n, S\u00edntesis.<\/p>\n","protected":false},"excerpt":{"rendered":"<p>El Rotavapor\u00ae R-220 Pro ofrece destilaciones de etapa \u00fanica eficaces y con ahorro de tiempo para aplicaciones de producci\u00f3n de etapa media y peque\u00f1a. El proceso se basa en la evaporaci\u00f3n y la condensaci\u00f3n de disolventes o el secado de polvos y pastas en un matraz de evaporaci\u00f3n rotatorio.<\/p>\n","protected":false},"featured_media":2750,"comment_status":"closed","ping_status":"closed","template":"","meta":{"_et_pb_use_builder":"","_et_pb_old_content":"","_et_gb_content_width":"","_joinchat":[]},"product_brand":[],"product_cat":[67],"product_tag":[19],"class_list":{"0":"post-2725","1":"product","2":"type-product","3":"status-publish","4":"has-post-thumbnail","6":"product_cat-rotavapores","7":"product_tag-buchi","9":"first","10":"instock","11":"shipping-taxable","12":"product-type-simple"},"_links":{"self":[{"href":"http:\/\/embrion.com.py\/fisc\/wp-json\/wp\/v2\/product\/2725","targetHints":{"allow":["GET"]}}],"collection":[{"href":"http:\/\/embrion.com.py\/fisc\/wp-json\/wp\/v2\/product"}],"about":[{"href":"http:\/\/embrion.com.py\/fisc\/wp-json\/wp\/v2\/types\/product"}],"replies":[{"embeddable":true,"href":"http:\/\/embrion.com.py\/fisc\/wp-json\/wp\/v2\/comments?post=2725"}],"wp:featuredmedia":[{"embeddable":true,"href":"http:\/\/embrion.com.py\/fisc\/wp-json\/wp\/v2\/media\/2750"}],"wp:attachment":[{"href":"http:\/\/embrion.com.py\/fisc\/wp-json\/wp\/v2\/media?parent=2725"}],"wp:term":[{"taxonomy":"product_brand","embeddable":true,"href":"http:\/\/embrion.com.py\/fisc\/wp-json\/wp\/v2\/product_brand?post=2725"},{"taxonomy":"product_cat","embeddable":true,"href":"http:\/\/embrion.com.py\/fisc\/wp-json\/wp\/v2\/product_cat?post=2725"},{"taxonomy":"product_tag","embeddable":true,"href":"http:\/\/embrion.com.py\/fisc\/wp-json\/wp\/v2\/product_tag?post=2725"}],"curies":[{"name":"wp","href":"https:\/\/api.w.org\/{rel}","templated":true}]}}