{"id":2720,"date":"2022-12-19T19:11:56","date_gmt":"2022-12-19T19:11:56","guid":{"rendered":"https:\/\/fisc.webparaguay.com\/?post_type=product&#038;p=2720"},"modified":"2024-04-16T08:28:42","modified_gmt":"2024-04-16T12:28:42","slug":"multivapor-p-6-p-12-2","status":"publish","type":"product","link":"http:\/\/embrion.com.py\/fisc\/producto\/evaporacion\/multivapor-p-6-p-12-2\/","title":{"rendered":"Multivapor\u2122: P-6 \/ P-12"},"content":{"rendered":"<p><span style=\"font-family: Arial, serif;\"><span style=\"font-size: medium;\">Multivapor P-6:<\/span><\/span><\/p>\n<ul>\n<li><span style=\"font-family: Arial, serif;\"><span style=\"font-size: medium;\">N\u00famero de muestras: 6<\/span><\/span><\/li>\n<li><span style=\"font-family: Arial, serif;\"><span style=\"font-size: medium;\">Temperatura m\u00e1xima: 95\u00b0C<\/span><\/span><\/li>\n<li><span style=\"font-family: Arial, serif;\"><span style=\"font-size: medium;\">Temperatura m\u00ednima: 20\u00b0C<\/span><\/span><\/li>\n<li><span style=\"font-family: Arial, serif;\"><span style=\"font-size: medium;\">Rotaci\u00f3n m\u00e1xima: 485 rpm<\/span><\/span><\/li>\n<\/ul>\n<p><span style=\"font-family: Arial, serif;\"><span style=\"font-size: medium;\">Multivapor P-12:<\/span><\/span><\/p>\n<ul>\n<li><span style=\"font-family: Arial, serif;\"><span style=\"font-size: medium;\">N\u00famero de muestras: 12<\/span><\/span><\/li>\n<li><span style=\"font-family: Arial, serif;\"><span style=\"font-size: medium;\">Temperatura m\u00e1xima: 95\u00b0C<\/span><\/span><\/li>\n<li><span style=\"font-family: Arial, serif;\"><span style=\"font-size: medium;\">Temperatura m\u00ednima: 20\u00b0C<\/span><\/span><\/li>\n<li><span style=\"font-family: Arial, serif;\"><span style=\"font-size: medium;\">Rotaci\u00f3n m\u00e1xima: 485 rpm<\/span><\/span><\/li>\n<\/ul>\n<p>&nbsp;<\/p>\n<p><strong>Beneficios y Ventajas<\/strong><\/p>\n<ul>\n<li><strong>Eficiente<\/strong><br \/>\nAumente su eficiencia procesando hasta 12 muestras de forma paralela en multitud de vol\u00famenes de disolvente y tama\u00f1os de muestra diferentes. Maximice el rendimiento de las muestras con un colector de fracciones integrado en el Multivapor\u2122 para evaporar varias muestras con eficiencia.<\/li>\n<li><strong>Manipulaci\u00f3n sencilla<\/strong><br \/>\nManeje f\u00e1cilmente el Multivapor P-6\/P-12 gracias a sus ajustes de par\u00e1metros ajustables y reproducibles. La plena visibilidad de las muestras durante el proceso de evaporaci\u00f3n reduce sus tiempos de reacci\u00f3n y mejora su conocimiento del proceso. Optimice cualquier tarea manual manipulando las muestras f\u00e1cilmente con el rack de transferencia de muestras.<\/li>\n<li><strong>Alta integraci\u00f3n del proceso<\/strong><br \/>\nElija entre nuestra amplia gama de adaptadores para usar f\u00e1cilmente los m\u00f3dulos de vidrio que ya tiene con Multivapor P-6\/P-12. Adapte el sistema perfectamente a sus necesidades usando el rack flexible de repuesto (para 6 o 12 muestras). Si trabaja tambi\u00e9n con el SpeedExtractor de BUCHI, puede usar los mismos recipientes para optimizar la transferencia de las muestras.<\/li>\n<\/ul>\n<p><strong>Aplicaci\u00f3n<\/strong><\/p>\n<ul>\n<li>Sector Acad\u00e9mico \/ Educativo<br \/>\nPara distintas aplicaciones de investigaci\u00f3n y del campo de la formaci\u00f3n acad\u00e9mica: Secado, Concentraci\u00f3n, Extracci\u00f3n en fase s\u00f3lida.<\/li>\n<li>Industria Qu\u00edmica<br \/>\nPara aplicaciones rutinarias de control de la calidad y trabajos en laboratorios de investigaci\u00f3n y desarrollo donde es preciso preparar muchas muestras simult\u00e1neamente: Secado, Concentraci\u00f3n.<\/li>\n<li>Piensos<br \/>\nEvaporaci\u00f3n paralela en el \u00e1mbito del control de la calidad y el desarrollo de ingredientes: Concentraci\u00f3n.<\/li>\n<li>Alimentaci\u00f3n \/ Bebidas<br \/>\nEvaporaci\u00f3n paralela en el \u00e1mbito del control de la calidad y el desarrollo de ingredientes: Concentraci\u00f3n, Extracci\u00f3n en fase s\u00f3lida.<\/li>\n<li>Industria Farmac\u00e9utica<br \/>\nControl de la calidad en el sector farmac\u00e9utico y en el desarrollo de nuevos componentes: Secado, Concentraci\u00f3n, Extracci\u00f3n en fase s\u00f3lida.<\/li>\n<li>An\u00e1lisis Medioambiental<br \/>\nConcentraci\u00f3n de muestras r\u00e1pida y eficiente con fines de control de la contaminaci\u00f3n del entorno: Concentraci\u00f3n, Extracci\u00f3n en fase s\u00f3lida.<\/li>\n<\/ul>\n","protected":false},"excerpt":{"rendered":"<p>Lleve a cabo una evaporaci\u00f3n eficiente de varias muestras con Multivapor P-6\/P-12. Acelere la evaporaci\u00f3n de sus muestras procesando varias a la vez. Como es f\u00e1cil de usar, Multivapor\u2122 maximiza la eficiencia de su proceso.<\/p>\n","protected":false},"featured_media":722,"comment_status":"closed","ping_status":"closed","template":"","meta":{"_et_pb_use_builder":"","_et_pb_old_content":"","_et_gb_content_width":"","_joinchat":[]},"product_brand":[],"product_cat":[20],"product_tag":[19],"class_list":{"0":"post-2720","1":"product","2":"type-product","3":"status-publish","4":"has-post-thumbnail","6":"product_cat-evaporacion","7":"product_tag-buchi","9":"first","10":"instock","11":"shipping-taxable","12":"product-type-simple"},"_links":{"self":[{"href":"http:\/\/embrion.com.py\/fisc\/wp-json\/wp\/v2\/product\/2720","targetHints":{"allow":["GET"]}}],"collection":[{"href":"http:\/\/embrion.com.py\/fisc\/wp-json\/wp\/v2\/product"}],"about":[{"href":"http:\/\/embrion.com.py\/fisc\/wp-json\/wp\/v2\/types\/product"}],"replies":[{"embeddable":true,"href":"http:\/\/embrion.com.py\/fisc\/wp-json\/wp\/v2\/comments?post=2720"}],"wp:featuredmedia":[{"embeddable":true,"href":"http:\/\/embrion.com.py\/fisc\/wp-json\/wp\/v2\/media\/722"}],"wp:attachment":[{"href":"http:\/\/embrion.com.py\/fisc\/wp-json\/wp\/v2\/media?parent=2720"}],"wp:term":[{"taxonomy":"product_brand","embeddable":true,"href":"http:\/\/embrion.com.py\/fisc\/wp-json\/wp\/v2\/product_brand?post=2720"},{"taxonomy":"product_cat","embeddable":true,"href":"http:\/\/embrion.com.py\/fisc\/wp-json\/wp\/v2\/product_cat?post=2720"},{"taxonomy":"product_tag","embeddable":true,"href":"http:\/\/embrion.com.py\/fisc\/wp-json\/wp\/v2\/product_tag?post=2720"}],"curies":[{"name":"wp","href":"https:\/\/api.w.org\/{rel}","templated":true}]}}