{"id":2681,"date":"2022-12-19T19:04:57","date_gmt":"2022-12-19T19:04:57","guid":{"rendered":"https:\/\/fisc.webparaguay.com\/?post_type=product&#038;p=2681"},"modified":"2024-07-26T19:38:32","modified_gmt":"2024-07-26T23:38:32","slug":"spraytec","status":"publish","type":"product","link":"http:\/\/embrion.com.py\/fisc\/producto\/caracterizacion-de-particulas\/spraytec\/","title":{"rendered":"Spraytec"},"content":{"rendered":"<ul>\n<li>Spraytec de Malvern Panalytical utiliza la t\u00e9cnica de difracci\u00f3n l\u00e1ser para la medici\u00f3n del tama\u00f1o de las gotas y part\u00edculas de pulverizaci\u00f3n. Lo hace midiendo la intensidad de la luz que se dispersa cuando un haz del l\u00e1ser pasa por la pulverizaci\u00f3n. Luego se analiza esta informaci\u00f3n para calcular el tama\u00f1o de las gotas que crearon el patr\u00f3n de dispersi\u00f3n.<\/li>\n<li>El sistema Spraytec se compone de los siguientes elementos principales:\n<ul style=\"margin-left: 25px!important;\">\n<li>Un m\u00f3dulo transmisor que contiene la fuente de luz l\u00e1ser colimada que se usa para iluminar la pulverizaci\u00f3n durante una medici\u00f3n.<\/li>\n<li>Un m\u00f3dulo receptor que puede contener uno de dos lentes (300 mm o 750 mm) que centra la luz que la pulverizaci\u00f3n dispersa hacia una serie de detectores. Estos detectores miden con precisi\u00f3n la intensidad de la luz dispersa por las gotas de pulverizaci\u00f3n en un amplio rango de \u00e1ngulos.<\/li>\n<li>Un banco \u00f3ptico que garantiza que el receptor y el transmisor est\u00e9n alineados. La longitud de este puede modificarse para ajustarse a diferentes aplicaciones y la banqueta m\u00e1s larga es de 2,5 m de largo.<\/li>\n<li>El software Spraytec que controla el sistema durante el proceso de medici\u00f3n y analiza los datos de dispersi\u00f3n para calcular las distribuciones del tama\u00f1o de las part\u00edculas. Los resultados se visualizan como un gr\u00e1fico de tendencias del \u00abhistorial de tama\u00f1os\u00bb, lo que permite reconocer inmediatamente los cambios en el tama\u00f1o de las gotas con el tiempo.<\/li>\n<\/ul>\n<\/li>\n<\/ul>\n<p><strong>Beneficios y ventajas\u00a0<\/strong><\/p>\n<ul>\n<li>Rendimiento de an\u00e1lisis de tama\u00f1o de part\u00edculas l\u00edder en su clase que genera los datos s\u00f3lidos y confiables que necesita, a la vez que utiliza de manera eficiente el valioso espacio del laboratorio.<\/li>\n<li>Software intuitivo con conocimientos incorporados que facilita la carga de trabajo anal\u00edtico, lo que le permite desarrollar y ejecutar una variedad de m\u00e9todos de manera eficiente y eficaz.<\/li>\n<li>Capacidades flexibles de generaci\u00f3n de informes para que pueda mostrar sus datos tal como lo desea, directamente personalizables seg\u00fan sus necesidades.<\/li>\n<li>Capacidades de preparaci\u00f3n de muestras r\u00e1pidas y efectivas para suspensiones, emulsiones y polvos, adaptadas para diferentes requisitos de muestra con el fin de proporcionar los conocimientos que necesita para optimizar sus m\u00e9todos y garantizar un control continuo.<\/li>\n<\/ul>\n<p><strong>Aplicaci\u00f3n<\/strong><\/p>\n<ul>\n<li>La flexibilidad del sistema Spraytec lo hace ideal para aplicaciones en una amplia gama de industrias, desde investigaci\u00f3n y desarrollo fundamentales hasta control de calidad de productos y pruebas de liberaci\u00f3n de lotes.<\/li>\n<li>Ofrece un an\u00e1lisis del tama\u00f1o de pulverizaci\u00f3n preciso y reproducible en un formato f\u00e1cil de entender, lo que mejora la comprensi\u00f3n y el control del producto.<\/li>\n<li>Productos farmac\u00e9uticos inhalados por v\u00eda oral y nasales.<br \/>\nEl tama\u00f1o de las part\u00edculas es un par\u00e1metro clave para definir el patr\u00f3n de deposici\u00f3n y la biodisponibilidad de los materiales farmacol\u00f3gicos administrados mediante pulverizadores e inhaladores a la mucosa nasal y al sistema respiratorio.<\/li>\n<li>El sistema Spraytec puede trazar los cambios de tama\u00f1o producidos durante las actuaciones de un solo dispositivo, lo que permite identificar la din\u00e1mica de la dispersi\u00f3n de part\u00edculas junto con la reproducibilidad del dispositivo. Por lo tanto, las formulaciones se pueden evaluar r\u00e1pidamente para determinar las propiedades de pulverizaci\u00f3n correctas, lo que reduce los tiempos de desarrollo y mejora la eficacia de la administraci\u00f3n del f\u00e1rmaco.<\/li>\n<li>Caracterizaci\u00f3n rutinaria del atomizador.<\/li>\n<li>La medici\u00f3n del tama\u00f1o de las gotas producidas por los sistemas atomizadores es clave para promover la comprensi\u00f3n del proceso y el conocimiento del impacto ambiental de la pulverizaci\u00f3n, por ejemplo, en recubrimientos o aplicaciones agroqu\u00edmicas.<\/li>\n<li>El dise\u00f1o resistente, la purga de aire eficiente y el an\u00e1lisis de dispersi\u00f3n m\u00faltiple de Spraytec garantizan que las mediciones se puedan realizar en altas concentraciones directamente dentro de una columna de rociado, proporcionando los datos en tiempo real necesarios para rastrear los cambios en el tama\u00f1o de las part\u00edculas durante la operaci\u00f3n del atomizador.<\/li>\n<li>Aplicaciones automotrices.<\/li>\n<li>La capacidad de Spraytec para medir a 10 kHz permite la resoluci\u00f3n de las fluctuaciones en el tama\u00f1o de las gotas observadas durante el disparo r\u00e1pido de los sistemas de inyecci\u00f3n de combustible de los autom\u00f3viles.<\/li>\n<li>La provisi\u00f3n de opciones de activaci\u00f3n flexibles garantiza que cada evento de inyecci\u00f3n se capture por completo.<\/li>\n<li>Luego se puede evaluar la repetibilidad de la atomizaci\u00f3n y relacionarla con la eficiencia de la combusti\u00f3n.<\/li>\n<\/ul>\n","protected":false},"excerpt":{"rendered":"<p>El sistema de difracci\u00f3n l\u00e1ser Spraytec de Malvern Panalytical permite la medici\u00f3n de las distribuciones del tama\u00f1o de gotas y part\u00edculas de pulverizaci\u00f3n en tiempo real para el desarrollo m\u00e1s eficaz de productos pulverizadores y aerosoles. Se ha dise\u00f1ado espec\u00edficamente para satisfacer los requisitos exclusivos de caracterizaci\u00f3n de pulverizaci\u00f3n y ofrecer datos de tama\u00f1o de gotas reproducibles y s\u00f3lidos.<\/p>\n","protected":false},"featured_media":2707,"comment_status":"closed","ping_status":"closed","template":"","meta":{"_et_pb_use_builder":"","_et_pb_old_content":"","_et_gb_content_width":"","_joinchat":[]},"product_brand":[],"product_cat":[35,42],"product_tag":[25],"class_list":{"0":"post-2681","1":"product","2":"type-product","3":"status-publish","4":"has-post-thumbnail","6":"product_cat-caracterizacion-de-particulas","7":"product_cat-difraccion-laser","8":"product_tag-malvern-panalytical","10":"first","11":"instock","12":"shipping-taxable","13":"product-type-simple"},"_links":{"self":[{"href":"http:\/\/embrion.com.py\/fisc\/wp-json\/wp\/v2\/product\/2681","targetHints":{"allow":["GET"]}}],"collection":[{"href":"http:\/\/embrion.com.py\/fisc\/wp-json\/wp\/v2\/product"}],"about":[{"href":"http:\/\/embrion.com.py\/fisc\/wp-json\/wp\/v2\/types\/product"}],"replies":[{"embeddable":true,"href":"http:\/\/embrion.com.py\/fisc\/wp-json\/wp\/v2\/comments?post=2681"}],"wp:featuredmedia":[{"embeddable":true,"href":"http:\/\/embrion.com.py\/fisc\/wp-json\/wp\/v2\/media\/2707"}],"wp:attachment":[{"href":"http:\/\/embrion.com.py\/fisc\/wp-json\/wp\/v2\/media?parent=2681"}],"wp:term":[{"taxonomy":"product_brand","embeddable":true,"href":"http:\/\/embrion.com.py\/fisc\/wp-json\/wp\/v2\/product_brand?post=2681"},{"taxonomy":"product_cat","embeddable":true,"href":"http:\/\/embrion.com.py\/fisc\/wp-json\/wp\/v2\/product_cat?post=2681"},{"taxonomy":"product_tag","embeddable":true,"href":"http:\/\/embrion.com.py\/fisc\/wp-json\/wp\/v2\/product_tag?post=2681"}],"curies":[{"name":"wp","href":"https:\/\/api.w.org\/{rel}","templated":true}]}}