{"id":2679,"date":"2022-12-19T19:04:56","date_gmt":"2022-12-19T19:04:56","guid":{"rendered":"https:\/\/fisc.webparaguay.com\/?post_type=product&#038;p=2679"},"modified":"2025-02-04T13:46:23","modified_gmt":"2025-02-04T16:46:23","slug":"mastersizer-3000","status":"publish","type":"product","link":"http:\/\/embrion.com.py\/fisc\/producto\/caracterizacion-de-particulas\/mastersizer-3000\/","title":{"rendered":"Mastersizer 3000+"},"content":{"rendered":"<ul>\n<li>Tama\u00f1o de part\u00edcula: 0.01 &#8211; 3500 \u00b5m *<\/li>\n<li>Numero de clases de tama\u00f1o100 (ajustable por el usuario)<\/li>\n<li>Precisi\u00f3n: Mejor de 0.6% **<\/li>\n<li>Precisi\u00f3n\/ Repetibilidad: Mejor que una variaci\u00f3n del 0.5% *<\/li>\n<li>Reproducibilidad: Mejor que una variaci\u00f3n del 1% *<\/li>\n<\/ul>\n<p><strong>Beneficios y ventajas\u00a0<\/strong><\/p>\n<ul>\n<li>Rendimiento de an\u00e1lisis de tama\u00f1o de part\u00edculas l\u00edder en su clase que genera los datos s\u00f3lidos y confiables que necesita, a la vez que utiliza de manera eficiente el valioso espacio del laboratorio.<\/li>\n<li>Software intuitivo con conocimientos incorporados que facilita la carga de trabajo anal\u00edtico, lo que le permite desarrollar y ejecutar una variedad de m\u00e9todos de manera eficiente y eficaz.<\/li>\n<li>Capacidades flexibles de generaci\u00f3n de informes para que pueda mostrar sus datos tal como lo desea, directamente personalizables seg\u00fan sus necesidades.<\/li>\n<li>Capacidades de preparaci\u00f3n de muestras r\u00e1pidas y efectivas para suspensiones, emulsiones y polvos, adaptadas para diferentes requisitos de muestra con el fin de proporcionar los conocimientos que necesita para optimizar sus m\u00e9todos y garantizar un control continuo.<\/li>\n<li>Smart Manager: Softaware que permite el monitoreo del status general del sistema 24\/7.<\/li>\n<\/ul>\n<p><strong>Aplicaci\u00f3n<\/strong><\/p>\n<ul>\n<li><strong>La fluidez del polvo<\/strong> es importante para mantener la eficiencia de fabricaci\u00f3n de muchos procesos. La fluidez inconsistente del polvo puede afectar directamente a las variables de calidad del producto, como la uniformidad del contenido de las presentaciones farmac\u00e9uticas o puede provocar variaciones en el proceso a medida que las inconsistencias en el suministro de polvo cambian la eficacia de los procesos de reducci\u00f3n del tama\u00f1o de part\u00edculas.<\/li>\n<li><strong>La densidad<\/strong> de compresi\u00f3n de las part\u00edculas influye en el \u00e9xito de muchos procesos, incluido el relleno de molde en la producci\u00f3n de componentes de cer\u00e1mica y metal, el recubrimiento en polvo y la carga de s\u00f3lidos de las suspensiones. La forma en que las part\u00edculas se comprimen es una funci\u00f3n entre su tama\u00f1o y su distribuci\u00f3n del tama\u00f1o.<\/li>\n<li><strong>La estabilidad<\/strong> de las suspensiones y emulsiones utilizadas y producidas en industrias, como las industrias farmac\u00e9uticas y de alimentos, es importante para garantizar la eficacia, la aceptabilidad y el \u00e9xito de los productos. Tanto la estabilidad de dispersi\u00f3n como la separaci\u00f3n gravitatoria son elementos fundamentales.<\/li>\n<li><strong>Las tasas de disoluci\u00f3n<\/strong> de los materiales se ven afectadas por el \u00e1rea superficial espec\u00edfica de las part\u00edculas. El aumento del \u00e1rea de superficie de part\u00edculas espec\u00edfica mediante la reducci\u00f3n de su tama\u00f1o acelera el proceso de disoluci\u00f3n.<\/li>\n<li><strong>La facilidad de inhalaci\u00f3n<\/strong> es un criterio importante, tanto para prevenir que las personas inhalen part\u00edculas da\u00f1inas como para optimizar la deposici\u00f3n del medicamento en el tracto respiratorio. Para todos los productos farmac\u00e9uticos inhalados por v\u00eda oral y nasal (OINDP, del ingl\u00e9s Orally-Inhaled and Nasal Drug Products), el tama\u00f1o de part\u00edculas es un par\u00e1metro fundamental, con rangos de tama\u00f1o claros y especificados para la deposici\u00f3n y retenci\u00f3n en la cavidad nasal y para la penetraci\u00f3n en distintas \u00e1reas de los pulmones<\/li>\n<li><strong>La velocidad de reacci\u00f3n<\/strong> en sistemas s\u00f3lidos suele ser una funci\u00f3n del \u00e1rea superficial espec\u00edfica de las part\u00edculas involucradas. Cuanto m\u00e1s finas sean las part\u00edculas, mayor ser\u00e1 la relaci\u00f3n entre la superficie y el volumen, lo que promueve mayores velocidades de reacci\u00f3n.<\/li>\n<li><strong>Las propiedades \u00f3pticas<\/strong>, como la capacidad de dispersi\u00f3n de luz de las part\u00edculas, las aprovechan los fabricantes de pintura, recubrimientos y pigmentos. La forma en que las part\u00edculas dispersan la luz depende de su tama\u00f1o, por lo que la manipulaci\u00f3n del tama\u00f1o de las part\u00edculas en un recubrimiento de superficie influye en los par\u00e1metros de rendimiento, como la tonalidad y la intensidad del matiz, la cobertura del producto y el brillo.<\/li>\n<li><strong>La percepci\u00f3n del consumidor<\/strong> acerca de los productos, como productos alimenticios, a menudo, se ve afectada por el tama\u00f1o de las part\u00edculas. Por ejemplo, el tama\u00f1o de las part\u00edculas de caf\u00e9, qu\u00e9 tan molido est\u00e9, afecta tanto al sabor liberado como al tiempo necesario para preparar la bebida.<\/li>\n<\/ul>\n<p><iframe loading=\"lazy\" title=\"YouTube video player\" src=\"https:\/\/www.youtube.com\/embed\/CrnVD6LNsV4\" width=\"560\" height=\"315\" frameborder=\"0\" allowfullscreen=\"allowfullscreen\"><\/iframe><\/p>\n<p>&nbsp;<\/p>\n<p>&nbsp;<\/p>\n<p>&nbsp;<\/p>\n","protected":false},"excerpt":{"rendered":"<p>Organizaciones de todo el mundo conf\u00edan en el analizador de tama\u00f1o de part\u00edculas por difracci\u00f3n l\u00e1ser Mastersizer 3000 para proporcionar de manera constante datos precisos, s\u00f3lidos y confiables que sustenta la toma de decisiones cr\u00edticas durante los procesos de I+D y de fabricaci\u00f3n. Tales decisiones basadas en el conocimiento son fundamentales para garantizar la calidad y el rendimiento de una amplia gama de materias primas, productos intermedios y finales.<\/p>\n","protected":false},"featured_media":4140,"comment_status":"closed","ping_status":"closed","template":"","meta":{"_et_pb_use_builder":"","_et_pb_old_content":"","_et_gb_content_width":"","_joinchat":[]},"product_brand":[],"product_cat":[35,42],"product_tag":[25],"class_list":{"0":"post-2679","1":"product","2":"type-product","3":"status-publish","4":"has-post-thumbnail","6":"product_cat-caracterizacion-de-particulas","7":"product_cat-difraccion-laser","8":"product_tag-malvern-panalytical","10":"first","11":"instock","12":"shipping-taxable","13":"product-type-simple"},"_links":{"self":[{"href":"http:\/\/embrion.com.py\/fisc\/wp-json\/wp\/v2\/product\/2679","targetHints":{"allow":["GET"]}}],"collection":[{"href":"http:\/\/embrion.com.py\/fisc\/wp-json\/wp\/v2\/product"}],"about":[{"href":"http:\/\/embrion.com.py\/fisc\/wp-json\/wp\/v2\/types\/product"}],"replies":[{"embeddable":true,"href":"http:\/\/embrion.com.py\/fisc\/wp-json\/wp\/v2\/comments?post=2679"}],"wp:featuredmedia":[{"embeddable":true,"href":"http:\/\/embrion.com.py\/fisc\/wp-json\/wp\/v2\/media\/4140"}],"wp:attachment":[{"href":"http:\/\/embrion.com.py\/fisc\/wp-json\/wp\/v2\/media?parent=2679"}],"wp:term":[{"taxonomy":"product_brand","embeddable":true,"href":"http:\/\/embrion.com.py\/fisc\/wp-json\/wp\/v2\/product_brand?post=2679"},{"taxonomy":"product_cat","embeddable":true,"href":"http:\/\/embrion.com.py\/fisc\/wp-json\/wp\/v2\/product_cat?post=2679"},{"taxonomy":"product_tag","embeddable":true,"href":"http:\/\/embrion.com.py\/fisc\/wp-json\/wp\/v2\/product_tag?post=2679"}],"curies":[{"name":"wp","href":"https:\/\/api.w.org\/{rel}","templated":true}]}}