{"id":2678,"date":"2022-12-19T19:04:55","date_gmt":"2022-12-19T19:04:55","guid":{"rendered":"https:\/\/fisc.webparaguay.com\/?post_type=product&#038;p=2678"},"modified":"2024-07-26T20:27:14","modified_gmt":"2024-07-27T00:27:14","slug":"sistemas-de-cromatografia-pure-c-850","status":"publish","type":"product","link":"http:\/\/embrion.com.py\/fisc\/producto\/cromatografia-preparativa\/sistemas-de-cromatografia-pure-c-850\/","title":{"rendered":"Sistema de cromatograf\u00eda Preparativa Pure"},"content":{"rendered":"<p><strong>Beneficios y ventajas\u00a0<\/strong><\/p>\n<ul>\n<li>Ahorro de espacio en la mesa de trabajo gracias a sus reducidas dimensiones<\/li>\n<li>Funcionamiento seguro: protege a los usuarios, las muestras y el entorno<\/li>\n<li>Sencillo de utilizar: uso c\u00f3modo e intuitivo<\/li>\n<li>Purificaci\u00f3n de una muestra de baja complejidad<\/li>\n<li>Las muestras de baja complejidad presentan una separaci\u00f3n sencilla o razonable entre el pico de inter\u00e9s y las impurezas<\/li>\n<li>El uso de part\u00edculas de tama\u00f1o medio a grande (15 \u2013 60 \u00b5m) constituye la soluci\u00f3n m\u00e1s econ\u00f3mica para las aplicaciones est\u00e1ndar<\/li>\n<li>Purificaci\u00f3n de una muestra de complejidad alta:<\/li>\n<li>Las muestras de complejidad alta son dif\u00edciles de separar y presentan picos que se solapan parcialmente<\/li>\n<li>Es necesario emplear part\u00edculas de s\u00edlice de tama\u00f1o reducido (5 \u2013 15 \u00b5m), que proporcionan una excelente resoluci\u00f3n (= pureza) pero &#8211; generan contrapresiones elevadas.<\/li>\n<li>Inyecci\u00f3n de concentraciones de muestra peque\u00f1as a elevadas: Concentraciones de la muestra hasta 300 g<\/li>\n<li>Inyecci\u00f3n de concentraciones de muestra peque\u00f1as: concentraciones de la muestra hasta 1 g<\/li>\n<li>Detecci\u00f3n de compuestos crom\u00f3foros<\/li>\n<li>Los compuestos crom\u00f3foros absorben la longitud de onda de la luz en los UV o el rango de longitud de onda visible (200 \u2013 800 nm)<\/li>\n<li>Los compuestos adecuados para la detecci\u00f3n de UV normalmente contienen enlaces no saturados, grupos arom\u00e1ticos o grupos funcionales que contienen hetero\u00e1tomos<\/li>\n<li>Detecci\u00f3n de compuestos no crom\u00f3foros<\/li>\n<li>Los compuestos no crom\u00f3foros no absorben la luz y, por lo tanto, no se pueden visualizar mediante un detector de UV \u00b7 Los compuestos t\u00edpicos son los carbohidratos<\/li>\n<li>Los compuestos no crom\u00f3foros se pueden detectar a trav\u00e9s de la detecci\u00f3n evaporativa de dispersi\u00f3n de luz (ELS)<\/li>\n<\/ul>\n<p><strong>Aplicaci\u00f3n<\/strong><\/p>\n<ul>\n<li>Sector Acad\u00e9mico: formaci\u00f3n en materia de cromatograf\u00eda preparativa. Purificaci\u00f3n despu\u00e9s de s\u00edntesis o extracci\u00f3n.<\/li>\n<li>Sustancias Qu\u00edmicas: purificaci\u00f3n despu\u00e9s de s\u00edntesis. Aislamiento preparativo de un compuesto a partir de una f\u00f3rmula<\/li>\n<li>Industria Farmac\u00e9utica: purificaci\u00f3n de IFA despu\u00e9s de s\u00edntesis org\u00e1nica (Qu\u00edmica Medicinal). Selecci\u00f3n de compuestos naturales: aislamiento de varios componentes tras la extracci\u00f3n. Biotecnolog\u00eda: purificaci\u00f3n tras el proceso de fermentaci\u00f3n<\/li>\n<li>Alimentaci\u00f3n: nutrac\u00e9uticos: aislamiento de complementos diet\u00e9ticos a partir de compuestos naturales<\/li>\n<\/ul>\n<p>&nbsp;<\/p>\n<p>&nbsp;<\/p>\n<p>&nbsp;<\/p>\n","protected":false},"excerpt":{"rendered":"<p>Los sistemas de cromatograf\u00eda Pure son extremadamente compactos, garantizan la seguridad al nivel m\u00e1s alto y son f\u00e1ciles de utilizar en cualquier aplicaci\u00f3n flash o de HPLC preparativa.<\/p>\n","protected":false},"featured_media":3951,"comment_status":"closed","ping_status":"closed","template":"","meta":{"_et_pb_use_builder":"","_et_pb_old_content":"","_et_gb_content_width":"","_joinchat":[]},"product_brand":[],"product_cat":[41],"product_tag":[19],"class_list":{"0":"post-2678","1":"product","2":"type-product","3":"status-publish","4":"has-post-thumbnail","6":"product_cat-cromatografia-preparativa","7":"product_tag-buchi","9":"first","10":"instock","11":"shipping-taxable","12":"product-type-simple"},"_links":{"self":[{"href":"http:\/\/embrion.com.py\/fisc\/wp-json\/wp\/v2\/product\/2678","targetHints":{"allow":["GET"]}}],"collection":[{"href":"http:\/\/embrion.com.py\/fisc\/wp-json\/wp\/v2\/product"}],"about":[{"href":"http:\/\/embrion.com.py\/fisc\/wp-json\/wp\/v2\/types\/product"}],"replies":[{"embeddable":true,"href":"http:\/\/embrion.com.py\/fisc\/wp-json\/wp\/v2\/comments?post=2678"}],"wp:featuredmedia":[{"embeddable":true,"href":"http:\/\/embrion.com.py\/fisc\/wp-json\/wp\/v2\/media\/3951"}],"wp:attachment":[{"href":"http:\/\/embrion.com.py\/fisc\/wp-json\/wp\/v2\/media?parent=2678"}],"wp:term":[{"taxonomy":"product_brand","embeddable":true,"href":"http:\/\/embrion.com.py\/fisc\/wp-json\/wp\/v2\/product_brand?post=2678"},{"taxonomy":"product_cat","embeddable":true,"href":"http:\/\/embrion.com.py\/fisc\/wp-json\/wp\/v2\/product_cat?post=2678"},{"taxonomy":"product_tag","embeddable":true,"href":"http:\/\/embrion.com.py\/fisc\/wp-json\/wp\/v2\/product_tag?post=2678"}],"curies":[{"name":"wp","href":"https:\/\/api.w.org\/{rel}","templated":true}]}}