{"id":2673,"date":"2022-12-19T19:04:51","date_gmt":"2022-12-19T19:04:51","guid":{"rendered":"https:\/\/fisc.webparaguay.com\/?post_type=product&#038;p=2673"},"modified":"2024-07-26T20:26:01","modified_gmt":"2024-07-27T00:26:01","slug":"sistemas-de-cromatografia-pure-c-805","status":"publish","type":"product","link":"http:\/\/embrion.com.py\/fisc\/producto\/cromatografia-preparativa\/sistemas-de-cromatografia-pure-c-805\/","title":{"rendered":"Sistema de Cromatograf\u00eda flash Pure Essential"},"content":{"rendered":"<p><strong>Beneficios y ventajas\u00a0<\/strong><\/p>\n<ul>\n<li>Cromatograf\u00eda sin complicaciones: El Sistema de Cromatograf\u00eda Pure Essential, dise\u00f1ado pensando en la simplicidad, la potencia y la seguridad en un formato peque\u00f1o, es ideal para laboratorios abarrotados y usuarios que dan sus primeros pasos en la cromatograf\u00eda autom\u00e1tica. El objetivo del instrumento es reunir los componentes principales id\u00f3neos e incluye una potente bomba de 50 bares, un detector UV de f\u00e1cil configuraci\u00f3n y un colector de fracciones que se puede a\u00f1adir si es necesario.<\/li>\n<li>Crece conforme aumentan sus necesidades: El Sistema de Cromatograf\u00eda Pure Essential, modular y escalable, le ayuda en cada paso de su trayectoria de investigaci\u00f3n y se ha dise\u00f1ado para crecer conforme aumenten sus necesidades de investigaci\u00f3n. Ofrece una flexibilidad y una escalabilidad sin igual para su proceso de separaci\u00f3n.<\/li>\n<li>F\u00e1cil de usar: Revolucionamos las separaciones flash sencillas con un software de \u00faltima generaci\u00f3n para programaci\u00f3n de m\u00e9todos, datos de ejecuci\u00f3n y ajustes de par\u00e1metros. La experiencia impecable que ofrece el Sistema de Cromatograf\u00eda Pure Essential simplifica cada paso del proceso de separaci\u00f3n, lo que garantiza un funcionamiento seguro y eficaz.<\/li>\n<\/ul>\n<p><strong>Aplicaci\u00f3n<\/strong><\/p>\n<ul>\n<li>Sector Acad\u00e9mico: formaci\u00f3n en materia de cromatograf\u00eda preparativa. Purificaci\u00f3n despu\u00e9s de s\u00edntesis o extracci\u00f3n.<\/li>\n<li>Sustancias Qu\u00edmicas: purificaci\u00f3n despu\u00e9s de s\u00edntesis. Aislamiento preparativo de un compuesto a partir de una f\u00f3rmula<\/li>\n<li>Industria Farmac\u00e9utica: purificaci\u00f3n de IFA despu\u00e9s de s\u00edntesis org\u00e1nica (Qu\u00edmica Medicinal). Selecci\u00f3n de compuestos naturales: aislamiento de varios componentes tras la extracci\u00f3n. Biotecnolog\u00eda: purificaci\u00f3n tras el proceso de fermentaci\u00f3n<\/li>\n<li>Alimentaci\u00f3n: nutrac\u00e9uticos: aislamiento de complementos diet\u00e9ticos a partir de compuestos naturales<\/li>\n<\/ul>\n","protected":false},"excerpt":{"rendered":"<p><span class=\"TextRun SCXW232768885 BCX8\" lang=\"ES-MX\" xml:lang=\"ES-MX\" data-contrast=\"auto\"><span class=\"NormalTextRun SCXW232768885 BCX8\">El Sistema de Cromatograf\u00eda Pure <\/span><span class=\"NormalTextRun SpellingErrorV2Themed SCXW232768885 BCX8\">Essential<\/span><span class=\"NormalTextRun SCXW232768885 BCX8\"> se centra en los aspectos b\u00e1sicos de cualquier aplicaci\u00f3n flash b\u00e1sica. Gracias al dise\u00f1o del instrumento, su modularidad y su facilidad de uso, le resultar\u00e1 muy f\u00e1cil empezar con la automatizaci\u00f3n y se beneficiar\u00e1 de una mayor velocidad y de infinitas posibilidades.<\/span><\/span><span class=\"EOP SCXW232768885 BCX8\" data-ccp-props=\"{&quot;201341983&quot;:0,&quot;335559739&quot;:160,&quot;335559740&quot;:259,&quot;469777462&quot;:[2445],&quot;469777927&quot;:[0],&quot;469777928&quot;:[1]}\">\u00a0<\/span><\/p>\n","protected":false},"featured_media":3949,"comment_status":"closed","ping_status":"closed","template":"","meta":{"_et_pb_use_builder":"","_et_pb_old_content":"","_et_gb_content_width":"","_joinchat":[]},"product_brand":[],"product_cat":[41],"product_tag":[19],"class_list":{"0":"post-2673","1":"product","2":"type-product","3":"status-publish","4":"has-post-thumbnail","6":"product_cat-cromatografia-preparativa","7":"product_tag-buchi","9":"first","10":"instock","11":"shipping-taxable","12":"product-type-simple"},"_links":{"self":[{"href":"http:\/\/embrion.com.py\/fisc\/wp-json\/wp\/v2\/product\/2673","targetHints":{"allow":["GET"]}}],"collection":[{"href":"http:\/\/embrion.com.py\/fisc\/wp-json\/wp\/v2\/product"}],"about":[{"href":"http:\/\/embrion.com.py\/fisc\/wp-json\/wp\/v2\/types\/product"}],"replies":[{"embeddable":true,"href":"http:\/\/embrion.com.py\/fisc\/wp-json\/wp\/v2\/comments?post=2673"}],"wp:featuredmedia":[{"embeddable":true,"href":"http:\/\/embrion.com.py\/fisc\/wp-json\/wp\/v2\/media\/3949"}],"wp:attachment":[{"href":"http:\/\/embrion.com.py\/fisc\/wp-json\/wp\/v2\/media?parent=2673"}],"wp:term":[{"taxonomy":"product_brand","embeddable":true,"href":"http:\/\/embrion.com.py\/fisc\/wp-json\/wp\/v2\/product_brand?post=2673"},{"taxonomy":"product_cat","embeddable":true,"href":"http:\/\/embrion.com.py\/fisc\/wp-json\/wp\/v2\/product_cat?post=2673"},{"taxonomy":"product_tag","embeddable":true,"href":"http:\/\/embrion.com.py\/fisc\/wp-json\/wp\/v2\/product_tag?post=2673"}],"curies":[{"name":"wp","href":"https:\/\/api.w.org\/{rel}","templated":true}]}}