{"id":2671,"date":"2022-12-19T19:04:48","date_gmt":"2022-12-19T19:04:48","guid":{"rendered":"https:\/\/fisc.webparaguay.com\/?post_type=product&#038;p=2671"},"modified":"2025-01-29T12:33:32","modified_gmt":"2025-01-29T15:33:32","slug":"aeris","status":"publish","type":"product","link":"http:\/\/embrion.com.py\/fisc\/producto\/difraccion-de-rayos-x\/aeris\/","title":{"rendered":"Aeris"},"content":{"rendered":"<ul>\n<li><strong>\u00a0<\/strong>Dise\u00f1o robusto y compacto, todo en uno: sin agua de refrigeraci\u00f3n, sin enfriador, sin aire comprimido, lo \u00fanico que necesita es una toma de corriente monof\u00e1sica.<\/li>\n<li>Interfaz de usuario exclusiva con pantalla t\u00e1ctil.<\/li>\n<li>Calidad de datos comparables con un sistema de pie de tama\u00f1o completo.<\/li>\n<li>Determinaci\u00f3n r\u00e1pida y sencilla de la estructura cristalina<\/li>\n<li>Identificaci\u00f3n y cuantificaci\u00f3n de fase sencilla.<\/li>\n<li>Tubo an\u00f3dico de Cu o Co.<\/li>\n<li>Potencias disponibles de 300W y 600W.<\/li>\n<li>Detector PIXcel1D o PIXcel3D de estado s\u00f3lido ultrarr\u00e1pido basado en tecnolog\u00eda Medipix3<\/li>\n<li>El \u00fanico difract\u00f3metro de laboratorio automatizable para alcanzar un rendimiento m\u00e1ximo de las muestras, Aeris se puede conectar a una cinta o un robot para lograr un procesamiento r\u00e1pido y automatizado de la muestra.<\/li>\n<li>An\u00e1lisis r\u00e1pido, tiempo de actividad m\u00e1xima: los tiempos de medici\u00f3n habituales de Aeris son inferiores a 10 minutos por muestra.<\/li>\n<\/ul>\n<p><strong>Beneficios y ventajas\u00a0<\/strong><\/p>\n<ul>\n<li>\u00a0Dise\u00f1o compacto<\/li>\n<li>\u00a0Sin agua de refrigeraci\u00f3n, sin enfriador, sin aire comprimido<\/li>\n<li>\u00a0M\u00ednimos requisitos de infraestructura<\/li>\n<li>\u00a0F\u00e1cil de operar:\n<ul style=\"margin-left: 15px!important;\">\n<li>\u00a0Coloque su muestra.<\/li>\n<li>\u00a0Seleccione el programa de medici\u00f3n.<\/li>\n<li>\u00a0Vea los resultados.<\/li>\n<\/ul>\n<\/li>\n<li>\u00a0Tiempos de an\u00e1lisis r\u00e1pidos, confiables y reproducibles.<\/li>\n<li>\u00a0Costo casi nulo en reactivos.<\/li>\n<li>\u00a0Preparaci\u00f3n de muestra casi nula.<\/li>\n<li>\u00a0Mantenimiento r\u00e1pido del instrumento y tiempo de inactividad m\u00ednimo.<\/li>\n<\/ul>\n<p><strong><span class=\"TextRun SCXW204766522 BCX8\" lang=\"ES-MX\" xml:lang=\"ES-MX\" data-contrast=\"auto\"><span class=\"NormalTextRun SCXW204766522 BCX8\">Ediciones<\/span><\/span><\/strong><\/p>\n<ul>\n<li><span style=\"color: #000000;\"><a style=\"color: #000000;\" href=\"https:\/\/www.malvernpanalytical.com\/es\/products\/product-range\/aeris-range\/aeris-research-edition\/\"><span style=\"color: #ff0000;\">Aeris edici\u00f3n Investigaci\u00f3n<\/span><\/a><\/span><\/li>\n<li><span style=\"color: #ff0000;\"><a style=\"color: #ff0000;\" href=\"https:\/\/www.malvernpanalytical.com\/es\/products\/product-range\/aeris-range\/aeris-cement-edition\/\">Aeris edici\u00f3n Cemento<\/a><\/span><\/li>\n<li><span style=\"color: #ff0000;\"><a style=\"color: #ff0000;\" href=\"https:\/\/www.malvernpanalytical.com\/es\/products\/product-range\/aeris-range\/aeris-minerals-edition\/\"> Aeris edici\u00f3n Minerales<\/a><\/span><\/li>\n<li><span style=\"color: #ff0000;\"><a style=\"color: #ff0000;\" href=\"https:\/\/www.malvernpanalytical.com\/es\/products\/product-range\/aeris-range\/aeris-metals-edition\/\">Aeris edici\u00f3n Metales<\/a><\/span><\/li>\n<\/ul>\n<p>&nbsp;<\/p>\n","protected":false},"excerpt":{"rendered":"<p>Aeris es un instrumento de calidad en el laboratorio. Este instrumento compacto combina la medici\u00f3n sencilla con un mecanismo de carga de muestras de un solo paso con una interfaz de usuario intuitiva y directa, por lo que es accesible para todos.<\/p>\n","protected":false},"featured_media":3917,"comment_status":"closed","ping_status":"closed","template":"","meta":{"_et_pb_use_builder":"","_et_pb_old_content":"","_et_gb_content_width":"","_joinchat":[]},"product_brand":[],"product_cat":[36],"product_tag":[25],"class_list":{"0":"post-2671","1":"product","2":"type-product","3":"status-publish","4":"has-post-thumbnail","6":"product_cat-difraccion-de-rayos-x","7":"product_tag-malvern-panalytical","9":"first","10":"instock","11":"shipping-taxable","12":"product-type-simple"},"_links":{"self":[{"href":"http:\/\/embrion.com.py\/fisc\/wp-json\/wp\/v2\/product\/2671","targetHints":{"allow":["GET"]}}],"collection":[{"href":"http:\/\/embrion.com.py\/fisc\/wp-json\/wp\/v2\/product"}],"about":[{"href":"http:\/\/embrion.com.py\/fisc\/wp-json\/wp\/v2\/types\/product"}],"replies":[{"embeddable":true,"href":"http:\/\/embrion.com.py\/fisc\/wp-json\/wp\/v2\/comments?post=2671"}],"wp:featuredmedia":[{"embeddable":true,"href":"http:\/\/embrion.com.py\/fisc\/wp-json\/wp\/v2\/media\/3917"}],"wp:attachment":[{"href":"http:\/\/embrion.com.py\/fisc\/wp-json\/wp\/v2\/media?parent=2671"}],"wp:term":[{"taxonomy":"product_brand","embeddable":true,"href":"http:\/\/embrion.com.py\/fisc\/wp-json\/wp\/v2\/product_brand?post=2671"},{"taxonomy":"product_cat","embeddable":true,"href":"http:\/\/embrion.com.py\/fisc\/wp-json\/wp\/v2\/product_cat?post=2671"},{"taxonomy":"product_tag","embeddable":true,"href":"http:\/\/embrion.com.py\/fisc\/wp-json\/wp\/v2\/product_tag?post=2671"}],"curies":[{"name":"wp","href":"https:\/\/api.w.org\/{rel}","templated":true}]}}