{"id":2670,"date":"2022-12-19T19:04:47","date_gmt":"2022-12-19T19:04:47","guid":{"rendered":"https:\/\/fisc.webparaguay.com\/?post_type=product&#038;p=2670"},"modified":"2024-07-26T19:14:14","modified_gmt":"2024-07-26T23:14:14","slug":"morphologi","status":"publish","type":"product","link":"http:\/\/embrion.com.py\/fisc\/producto\/caracterizacion-de-particulas\/morphologi\/","title":{"rendered":"Morphologi"},"content":{"rendered":"<ul>\n<li>El amplio rango del tama\u00f1o de las part\u00edculas, de 0,5 \u03bcm a 1300 \u03bcm, permite mediciones de tama\u00f1o de un rango extenso de muestras.<\/li>\n<li>M\u00e1s de 20 par\u00e1metros morfol\u00f3gicos proporcionan una descripci\u00f3n altamente detallada para una mayor comprensi\u00f3n del material particulado.<\/li>\n<li>El control del SOP, de la dispersi\u00f3n de las muestras a los an\u00e1lisis de datos, proporciona una operaci\u00f3n simple y automatizada para realizar mediciones consistentes y repetibles.<\/li>\n<li>El modo avanzado de microscopio manual y la habilidad de regresar a las part\u00edculas de inter\u00e9s permite un an\u00e1lisis a\u00fan m\u00e1s cercano de las part\u00edculas imprevistas.<\/li>\n<li>Un microscopio de alta resoluci\u00f3n garantiza la calidad de las im\u00e1genes de part\u00edculas para obtener datos \u00f3ptimos de an\u00e1lisis de im\u00e1genes.<\/li>\n<li>La unidad integrada de dispersi\u00f3n de polvo en seco ofrece una dispersi\u00f3n de muestra reproducible, fundamental para obtener resultados significativos.<\/li>\n<li>Los accesorios especializados de presentaci\u00f3n de muestras permiten la medici\u00f3n de una amplia variedad de tipos de muestras, incluidas las suspensiones y los filtros.<\/li>\n<li>Las herramientas avanzadas de exploraci\u00f3n de datos generan un conocimiento m\u00e1ximo de las muestras.<\/li>\n<\/ul>\n<p><strong>Beneficios y ventajas<\/strong><\/p>\n<ul>\n<li>Cumple con la norma 21 CFR parte 11<\/li>\n<li>Flexible: el sistema Morphologi 4 mide el tama\u00f1o y la forma de las part\u00edculas de polvos secos, las suspensiones h\u00famedas y las part\u00edculas ubicadas en los filtros<\/li>\n<li>Rapidez: el ahorro de tiempo es considerable, en comparaci\u00f3n con los m\u00e9todos manuales, gracias a la operaci\u00f3n &#8211; automatizada y el an\u00e1lisis sencillo de datos.<\/li>\n<\/ul>\n<p><strong>Aplicaciones<\/strong><\/p>\n<ul>\n<li><a href=\"https:\/\/www.malvernpanalytical.com\/es\/products\/product-range\/morphologi-range\/morphologi-4#overview\">Morphologi 4<\/a><\/li>\n<li><a href=\"https:\/\/www.malvernpanalytical.com\/es\/products\/product-range\/morphologi-range\/morphologi-4-id#howitworks\">Morphologi 4-ID<\/a><\/li>\n<\/ul>\n","protected":false},"excerpt":{"rendered":"<p>Morphologi 4 es un sistema completamente automatizado de an\u00e1lisis de im\u00e1genes est\u00e1ticas que proporciona una descripci\u00f3n detallada completa de las propiedades morfol\u00f3gicas de los materiales particulados.<\/p>\n","protected":false},"featured_media":2692,"comment_status":"closed","ping_status":"closed","template":"","meta":{"_et_pb_use_builder":"","_et_pb_old_content":"","_et_gb_content_width":"","_joinchat":[]},"product_brand":[],"product_cat":[35],"product_tag":[25],"class_list":{"0":"post-2670","1":"product","2":"type-product","3":"status-publish","4":"has-post-thumbnail","6":"product_cat-caracterizacion-de-particulas","7":"product_tag-malvern-panalytical","9":"first","10":"instock","11":"shipping-taxable","12":"product-type-simple"},"_links":{"self":[{"href":"http:\/\/embrion.com.py\/fisc\/wp-json\/wp\/v2\/product\/2670","targetHints":{"allow":["GET"]}}],"collection":[{"href":"http:\/\/embrion.com.py\/fisc\/wp-json\/wp\/v2\/product"}],"about":[{"href":"http:\/\/embrion.com.py\/fisc\/wp-json\/wp\/v2\/types\/product"}],"replies":[{"embeddable":true,"href":"http:\/\/embrion.com.py\/fisc\/wp-json\/wp\/v2\/comments?post=2670"}],"wp:featuredmedia":[{"embeddable":true,"href":"http:\/\/embrion.com.py\/fisc\/wp-json\/wp\/v2\/media\/2692"}],"wp:attachment":[{"href":"http:\/\/embrion.com.py\/fisc\/wp-json\/wp\/v2\/media?parent=2670"}],"wp:term":[{"taxonomy":"product_brand","embeddable":true,"href":"http:\/\/embrion.com.py\/fisc\/wp-json\/wp\/v2\/product_brand?post=2670"},{"taxonomy":"product_cat","embeddable":true,"href":"http:\/\/embrion.com.py\/fisc\/wp-json\/wp\/v2\/product_cat?post=2670"},{"taxonomy":"product_tag","embeddable":true,"href":"http:\/\/embrion.com.py\/fisc\/wp-json\/wp\/v2\/product_tag?post=2670"}],"curies":[{"name":"wp","href":"https:\/\/api.w.org\/{rel}","templated":true}]}}