{"id":2669,"date":"2022-12-19T19:04:47","date_gmt":"2022-12-19T19:04:47","guid":{"rendered":"https:\/\/fisc.webparaguay.com\/?post_type=product&#038;p=2669"},"modified":"2025-01-29T17:51:28","modified_gmt":"2025-01-29T20:51:28","slug":"gama-zetasizer","status":"publish","type":"product","link":"http:\/\/embrion.com.py\/fisc\/producto\/caracterizacion-de-particulas\/gama-zetasizer\/","title":{"rendered":"Gama Zetasizer"},"content":{"rendered":"<ul>\n<li>An\u00e1lisis del tama\u00f1o de las part\u00edculas de los sistemas dispersos desde subnanom\u00e9tricos hasta de varios micr\u00f3metros de di\u00e1metro, con la t\u00e9cnica de dispersi\u00f3n de luz din\u00e1mica (DLS).<\/li>\n<li>An\u00e1lisis de la movilidad y carga de las part\u00edculas (potencial zeta) con la t\u00e9cnica de dispersi\u00f3n de luz electrofor\u00e9tica (ELS)<\/li>\n<li>An\u00e1lisis del peso molecular de las part\u00edculas en la soluci\u00f3n mediante el uso de dispersi\u00f3n de luz est\u00e1tica (SLS)<\/li>\n<li>Disponible en variantes de etiqueta azul y etiqueta roja:\n<ul>\n<li>Elija la etiqueta azul para la investigaci\u00f3n de rutina de muestras como coloides met\u00e1licos, \u00f3xidos met\u00e1licos y pigmentos<\/li>\n<li>Elija la etiqueta roja para tipos de muestras m\u00e1s desafiantes, como prote\u00ednas, soluciones surfactantes y muestras de bajo contenido s\u00f3lido<\/li>\n<li>\u00d3ptica de retrodispersi\u00f3n no invasiva (NIBS) para mediciones vers\u00e1tiles y de alta sensibilidad del tama\u00f1o molecular y de part\u00edculas, as\u00ed como mediciones de peso molecular<\/li>\n<li>M3-PALS con modo de corriente constante para medir el potencial zeta y la movilidad electrofor\u00e9tica<\/li>\n<li>Paquete de software ZS Xplorer para una configuraci\u00f3n de m\u00e9todo simple y flexible y an\u00e1lisis de datos<\/li>\n<li>Correlaci\u00f3n adaptable para mediciones de tama\u00f1o m\u00e1s r\u00e1pidas y reproducibles con menos preparaci\u00f3n de muestras.<\/li>\n<\/ul>\n<\/li>\n<\/ul>\n<p><strong>Beneficios y ventajas<\/strong><\/p>\n<ul>\n<li>Disponible en tres versiones, de acuerdo a la aplicaci\u00f3n.<\/li>\n<li>Posibilidad de determinar el tama\u00f1o de part\u00edculas desde menos de un nan\u00f3metro hasta varias micras utilizando la t\u00e9cnica de dispersi\u00f3n de luz din\u00e1mica (DLS)<\/li>\n<li>Posibilidad de medir potencial zeta de las part\u00edculas y las mol\u00e9culas e indica la estabilidad o la tendencia de las muestras a agregarse, utilizando la t\u00e9cnica de dispersi\u00f3n de luz electrofor\u00e9tica (ELS)<\/li>\n<li>Posibilidad de medir el peso molecular con la t\u00e9cnica de dispersi\u00f3n de luz est\u00e1tica (SLS)<\/li>\n<li>Posibilidad de medir concentraci\u00f3n de part\u00edculas para el ultra red<\/li>\n<li>Posibilidad de saltar de un modelo a otro (dentro de la misma etiqueta) sin necesidad de enviar el equipo a f\u00e1brica, solo con una visita del t\u00e9cnico y liberaci\u00f3n en el software<\/li>\n<li>Facilidad y flexibilidad de operaci\u00f3n.<\/li>\n<li>Resultados confiables y reproducibles<\/li>\n<\/ul>\n<p><strong>Aplicaciones<\/strong><\/p>\n<ul>\n<li><a href=\"https:\/\/www.malvernpanalytical.com\/es\/products\/product-range\/zetasizer-range\/zetasizer-advance-range\/zetasizer-ultra#specs\">Zetasizer Ultra<\/a><\/li>\n<li><a href=\"https:\/\/www.malvernpanalytical.com\/es\/products\/product-range\/zetasizer-range\/zetasizer-advance-range\/zetasizer-pro\">Zetaziser Pro<\/a><\/li>\n<li><a href=\"https:\/\/www.malvernpanalytical.com\/es\/products\/product-range\/zetasizer-range\/zetasizer-advance-range\/zetasizer-lab\">Zeasizer Lab<\/a><\/li>\n<\/ul>\n","protected":false},"excerpt":{"rendered":"<p>Los sistemas m\u00e1s utilizados del mundo para mediciones de carga de part\u00edcula y tama\u00f1o de nanopart\u00edculas, coloides y part\u00edculas biomoleculares.<\/p>\n","protected":false},"featured_media":2691,"comment_status":"closed","ping_status":"closed","template":"","meta":{"_et_pb_use_builder":"","_et_pb_old_content":"","_et_gb_content_width":"","_joinchat":[]},"product_brand":[],"product_cat":[35],"product_tag":[25],"class_list":{"0":"post-2669","1":"product","2":"type-product","3":"status-publish","4":"has-post-thumbnail","6":"product_cat-caracterizacion-de-particulas","7":"product_tag-malvern-panalytical","9":"first","10":"instock","11":"shipping-taxable","12":"product-type-simple"},"_links":{"self":[{"href":"http:\/\/embrion.com.py\/fisc\/wp-json\/wp\/v2\/product\/2669","targetHints":{"allow":["GET"]}}],"collection":[{"href":"http:\/\/embrion.com.py\/fisc\/wp-json\/wp\/v2\/product"}],"about":[{"href":"http:\/\/embrion.com.py\/fisc\/wp-json\/wp\/v2\/types\/product"}],"replies":[{"embeddable":true,"href":"http:\/\/embrion.com.py\/fisc\/wp-json\/wp\/v2\/comments?post=2669"}],"wp:featuredmedia":[{"embeddable":true,"href":"http:\/\/embrion.com.py\/fisc\/wp-json\/wp\/v2\/media\/2691"}],"wp:attachment":[{"href":"http:\/\/embrion.com.py\/fisc\/wp-json\/wp\/v2\/media?parent=2669"}],"wp:term":[{"taxonomy":"product_brand","embeddable":true,"href":"http:\/\/embrion.com.py\/fisc\/wp-json\/wp\/v2\/product_brand?post=2669"},{"taxonomy":"product_cat","embeddable":true,"href":"http:\/\/embrion.com.py\/fisc\/wp-json\/wp\/v2\/product_cat?post=2669"},{"taxonomy":"product_tag","embeddable":true,"href":"http:\/\/embrion.com.py\/fisc\/wp-json\/wp\/v2\/product_tag?post=2669"}],"curies":[{"name":"wp","href":"https:\/\/api.w.org\/{rel}","templated":true}]}}