{"id":2660,"date":"2022-12-19T18:57:25","date_gmt":"2022-12-19T18:57:25","guid":{"rendered":"https:\/\/fisc.webparaguay.com\/?post_type=product&#038;p=2660"},"modified":"2024-07-26T20:04:36","modified_gmt":"2024-07-27T00:04:36","slug":"bioreactor-minifors-2","status":"publish","type":"product","link":"http:\/\/embrion.com.py\/fisc\/producto\/biorreactores\/bioreactor-minifors-2\/","title":{"rendered":"Bioreactor Minifors 2"},"content":{"rendered":"<p>S\u00e1quelo del embalaje y comience a utilizarlo<br \/>\nDisponible en vol\u00famenes totales de 1,5 L, 3 L y 6 L<br \/>\nPotente motor de accionamiento directo de hasta 1600 min-1<br \/>\nRecipientes con fondos redondeados y planos \u2013 volumen de trabajo m\u00ednimo bajo &#8211; mezcla completa &#8211; estable, incluso sin el sistema de montaje del recipiente<br \/>\nMuestra segura sin volumen muerto: muestreo Super Safe INFORS HT<br \/>\nTapa<br \/>\nPuertos suficientes para entradas adicionales, tubos de inmersi\u00f3n y sensores<br \/>\n4 x 7,5 mm: puertos adicionales disponibles para \u00e1cido, base, alimentaci\u00f3n y una funci\u00f3n de su elecci\u00f3n<br \/>\n4 x 10 mm: sparger, sistema antiespumante, sensor de temperatura, muestreo\/recolecci\u00f3n<br \/>\nM\u00e1ximo 7 x 12 mm (Pg13,5): el pH, la pO2, el enfriador de gases de escape y la inoculaci\u00f3n est\u00e1n asignados previamente, 3 no est\u00e1n asignados<br \/>\nBombas de alto rendimento<br \/>\n4 bombas de precisi\u00f3n<br \/>\nModo de funcionamiento configurable: digital (velocidad fija) o anal\u00f3gico (velocidad variable)<br \/>\nOpci\u00f3n de alimentaci\u00f3n gravim\u00e9trica con modo de dosificaci\u00f3n (se requiere balanza externa)<br \/>\nGasificaci\u00f3n<br \/>\n2 controladores de flujo m\u00e1sico (Mass Flow Controllers, MFC) integrados para aire\/O2 o aire\/N2 (versi\u00f3n para microorganismos)<br \/>\n5 MFCs integrados para aire, O2, N2, CO2 y aireaci\u00f3n en la fase gaseosa del recipiente (versi\u00f3n para cultivos celulares)<br \/>\nM\u00faltiples cascadas para el control de la pO2 mediante la velocidad del agitador, la velocidad de gasificaci\u00f3n (\u00abTotalFlow\u00bb) y\/o la composici\u00f3n del gas (\u00abGasMix\u00bb)<br \/>\nSensores<br \/>\nS\u00f3lida conexi\u00f3n digital de sensores de pH y pO2 con sensor \u00f3ptico de pO2: listo para uso inmediato, no requiere polarizaci\u00f3n<br \/>\nDatos de calibraci\u00f3n almacenados en la cabeza del sensor<br \/>\nUnidad operativa<br \/>\nPantalla t\u00e1ctil integrada de 7&#8243; (17,8 cm) &#8211; Manejo sencillo gracias a los men\u00fas intuitivos y la ayuda pr\u00e1ctica en pantalla<br \/>\nM\u00faltiples idiomas de visualizaci\u00f3n \u2013 uno de entre ellos el Castellano<\/p>\n<p><strong>Ventajas y beneficios<\/strong><\/p>\n<ul>\n<li>S\u00e1quelo del embalaje y comience a utilizarlo<\/li>\n<li>Con Minifors 2 podr\u00e1 proceder directamente con su bioproceso. El biorreactor se entrega preconfigurado y listo para usar. Conecte el dispositivo, instale el recipiente, conecte las bombas y los sensores, y comience a trabajar en solo 10 minutos.<\/li>\n<li>Un dise\u00f1o para la pr\u00e1ctica<\/li>\n<li>Minifors 2 es compacto y f\u00e1cil de usar. Gracias a su tama\u00f1o reducido y pocas conexiones externas, Minifors 2 ocupa muy poco espacio en el laboratorio. Tiene detalles de dise\u00f1o especiales que simplifican el trabajo asociado a los bioprocesos; por ejemplo, el pr\u00e1ctico sujetador del recipiente para cultivo permite transportarlo en forma segura y sin riesgos junto con los cabezales de bombas y las botellas.<\/li>\n<li>Asimismo, la bandeja colectora de acero inoxidable puede limpiarse f\u00e1cilmente, incluso con el biorreactor en funcionamiento.<\/li>\n<li>Habla su idioma<\/li>\n<li>Cuando decimos \u201cf\u00e1cil\u201d e \u201cintuitivo\u201d nos referimos a que podr\u00e1 proceder en pocos pasos directamente con sus bioprocesos. Entender\u00e1 c\u00f3mo se usa sin haber recibido adiestramiento previo. La pantalla t\u00e1ctil lo guiar\u00e1 durante el experimento, en varios idiomas. Podr\u00e1 preparar todo en el menor tiempo posible, desde la calibraci\u00f3n de los sensores hasta la implementaci\u00f3n de procesos en cascada y las especificaciones de los valores objetivo.<\/li>\n<\/ul>\n<p><strong>Aplicaci\u00f3n<\/strong><\/p>\n<ul>\n<li>Industria Farmac\u00e9utica<\/li>\n<li>Vacunas, bio-f\u00e1rmacos, nuevas drogas, anticuerpos monoclonales, cultivo de c\u00e9lulas madre, macromol\u00e9culas, sueros, etc<\/li>\n<li>Biocombustibles<\/li>\n<li>Bioetanol, biodiesel, bio-hidrogeno, biog\u00e1s, sing\u00e1s, etc<\/li>\n<li>Bioquimicos<\/li>\n<li>Enzimas, pl\u00e1sticos biodegradables, butanol, etc<\/li>\n<li>Alimentaci\u00f3n \/ Bebidas<\/li>\n<li>Alimentos funcionales, sabores, vitaminas, prote\u00ednas, bacterias probi\u00f3ticas, colorantes, aromatizantes, etc<\/li>\n<li>Sector acad\u00e9mico<\/li>\n<li>Para una amplia gama de aplicaciones en la formaci\u00f3n acad\u00e9mica: Gama completa de aplicaciones en microorganismos y culturas de c\u00e9lulas<\/li>\n<li>Sector agronegocio y pecu\u00e1ria<\/li>\n<li>Inocolantes, vacunas animales, biofertilizantes, biopesticidas<\/li>\n<li>Piensos<\/li>\n<li>Alimentaci\u00f3n para animales a partir de productos naturales<\/li>\n<li>Otras<\/li>\n<li>Bacterias y prote\u00ednas, trasplante de c\u00e9lulas, biotransformaci\u00f3n, cosm\u00e9ticos, fragancias, aplicaciones medioambientales, producci\u00f3n de prote\u00edna animal<\/li>\n<\/ul>\n<p><a href=\"https:\/\/www.infors-ht.com\/es\/biorreactores\/biorreactor-de-sobremesa\/minifors2\/\">https:\/\/www.infors-ht.com\/es\/biorreactores\/biorreactor-de-sobremesa\/minifors2\/<\/a><\/p>\n","protected":false},"excerpt":{"rendered":"<p>El biorreactor de sobremesa se entrega con caracter\u00edsticas y prestaciones que otros de su tipo no incluyen.<br \/>\nComience en el acto con sus bioprocesos, y disfrute<br \/>\nhaciendolo gracias al manejo optimizado y a la sencillez del uso.<br \/>\nDisponible em version de microorganismos y de c\u00e9lulas de mam\u00edferos.<\/p>\n","protected":false},"featured_media":2664,"comment_status":"closed","ping_status":"closed","template":"","meta":{"_et_pb_use_builder":"","_et_pb_old_content":"","_et_gb_content_width":"","_joinchat":[]},"product_brand":[],"product_cat":[34,30],"product_tag":[32],"class_list":{"0":"post-2660","1":"product","2":"type-product","3":"status-publish","4":"has-post-thumbnail","6":"product_cat-bioreactor-de-sobremesa","7":"product_cat-biorreactores","8":"product_tag-infors-ht","10":"first","11":"instock","12":"shipping-taxable","13":"product-type-simple"},"_links":{"self":[{"href":"http:\/\/embrion.com.py\/fisc\/wp-json\/wp\/v2\/product\/2660","targetHints":{"allow":["GET"]}}],"collection":[{"href":"http:\/\/embrion.com.py\/fisc\/wp-json\/wp\/v2\/product"}],"about":[{"href":"http:\/\/embrion.com.py\/fisc\/wp-json\/wp\/v2\/types\/product"}],"replies":[{"embeddable":true,"href":"http:\/\/embrion.com.py\/fisc\/wp-json\/wp\/v2\/comments?post=2660"}],"wp:featuredmedia":[{"embeddable":true,"href":"http:\/\/embrion.com.py\/fisc\/wp-json\/wp\/v2\/media\/2664"}],"wp:attachment":[{"href":"http:\/\/embrion.com.py\/fisc\/wp-json\/wp\/v2\/media?parent=2660"}],"wp:term":[{"taxonomy":"product_brand","embeddable":true,"href":"http:\/\/embrion.com.py\/fisc\/wp-json\/wp\/v2\/product_brand?post=2660"},{"taxonomy":"product_cat","embeddable":true,"href":"http:\/\/embrion.com.py\/fisc\/wp-json\/wp\/v2\/product_cat?post=2660"},{"taxonomy":"product_tag","embeddable":true,"href":"http:\/\/embrion.com.py\/fisc\/wp-json\/wp\/v2\/product_tag?post=2660"}],"curies":[{"name":"wp","href":"https:\/\/api.w.org\/{rel}","templated":true}]}}