{"id":2659,"date":"2022-12-19T18:57:24","date_gmt":"2022-12-19T18:57:24","guid":{"rendered":"https:\/\/fisc.webparaguay.com\/?post_type=product&#038;p=2659"},"modified":"2024-07-26T20:06:46","modified_gmt":"2024-07-27T00:06:46","slug":"eve-la-plataforma-de-software-para-bioprocesos-copia","status":"publish","type":"product","link":"http:\/\/embrion.com.py\/fisc\/producto\/biorreactores\/eve-la-plataforma-de-software-para-bioprocesos-copia\/","title":{"rendered":"Eve\u00ae &#8211; La Plataforma de Software para Bioprocesos (copia)"},"content":{"rendered":"<p>Una maravilla en un peque\u00f1o espacio<br \/>\nA pesar de su modesto tama\u00f1o en comparaci\u00f3n con otras incubadoras de agitaci\u00f3n, pueden utilizarse 3 unidades Multitron apiladas para procesar m\u00e1s de 60 L de cultivo o, con su opci\u00f3n de di\u00e1metro de agitaci\u00f3n de 3 mm se pueden realizar 23 000 lotes en paralelo. Sin importar la capacidad que se requiera, el nivel m\u00e1ximo de la Multitron tiene una altura de trabajo c\u00f3moda de 1,4 m.<br \/>\nEl mejor Multitron de todos los tiempos<br \/>\nLa confiabilidad sin concesiones es una vez m\u00e1s un sello distintivo del Multitron, ahora en su cuarta generaci\u00f3n. INFORS HT ha estado operando en el mercado de los agitadores por m\u00e1s de 50 a\u00f1os, y para Multitron ha desarrollado la combinaci\u00f3n ideal de a\u00f1os de experiencia y nuevas tecnolog\u00edas.<br \/>\nMedici\u00f3n en l\u00ednea no invasiva de biomasa en matraces de agitaci\u00f3n<br \/>\nEl CGQ le permite hacer un seguimiento del crecimiento del cultivo en tiempo real, responder a las limitaciones desde el principio y encontrar el momento ideal para inducir la expresi\u00f3n de prote\u00ednas. Un sensor en el frasco de agitaci\u00f3n realiza mediciones de OD en vivo para que siempre sepa exactamente lo que est\u00e1 sucediendo en sus experimentos de frasco de agitaci\u00f3n, sin interrumpirlos.<br \/>\nMonitoreo ininterrumpido<br \/>\neve\u00ae, la plataforma de software para bioprocesos puede comunicarse f\u00e1cilmente con el agitador simplemente con el uso de una interfaz Ethernet, lo cual permite controlar el equipo y monitorear los cultivos a desde cualquier lugar a trav\u00e9s de una interfaz de internet. Puede tambi\u00e9n crear informes personalizados y documentaci\u00f3n del proceso en conformidad con las buenas pr\u00e1cticas de manufactura.<br \/>\nOpciones disponibles<br \/>\nRefrigeraci\u00f3n, Controle de CO2, Controle de Humidad, Controle de Iluminaci\u00f3n por LED de alta intensidad, Desinfeci\u00f3n por UV de la atmosfera interior, Pintura antibacteriana, Monitoreo de biomasa, Batelada alimentada, Conecci\u00f3n con software de bioprocessos<br \/>\nOrbitales disponibles<br \/>\n25mm \u2013 50mm \u2013 3mm (1.000 rpm) \u2013 Ajustable (10 \u2013 19 &#8211; 25 \u2013 50mm)<br \/>\nExpasi\u00f3n m\u00e1xima<br \/>\nSe pueden apilar hasta 3 unidades, con la bandeja de la unidad superior a una altura de 140cm<\/p>\n<p><strong>Ventajas y beneficios<\/strong><\/p>\n<ul>\n<li>Comodidad interna y externa<\/li>\n<li>El interior es lo suficientemente alto como para matraces Erlenmeyer de 5 L; Puede configurarse como una unidad independiente o de sobremesa, o en una configuraci\u00f3n de tres niveles; F\u00e1cil acceso a las bandejas que se desplazan sobre la puerta para el exterior, con la m\u00e1s alta apenas a 140cm del suelo.<\/li>\n<li>Sistema de agitaci\u00f3n<\/li>\n<li>Silencioso, uniforme e confi\u00e1vel independentemente da carga; La plataforma de agitaci\u00f3n de equilibrio din\u00e1mico elimina la necesidad de ajustes manuales; F\u00e1cil de limpiar com sistema de dreno de l\u00edquidos para el exterior y superf\u00edcies redondeadas.<\/li>\n<li>Control de temperatura<\/li>\n<li>El control muy preciso de la temperatura en toda la incubadora garantiza condiciones id\u00e9nticas en cada lote; Puede conectarse al sistema de enfriamiento existente en el laboratorio; Opci\u00f3n de enfriamiento en la base o en la parte superior de la unidad para un \u00f3ptimo aprovechamiento del espacio; El excelente aislamiento y la ausencia de fuentes de calor en la c\u00e1mara de la incubadora reducen la demanda de energ\u00eda.<\/li>\n<li>Higiene<\/li>\n<li>Las esquinas redondeadas facilitan su limpieza interior; Recubrimiento antimicrobiano opcional; Esterilizaci\u00f3n UV opcional del flujo de aire; Humidificaci\u00f3n higi\u00e9nica por vapor directo sin condensaci\u00f3n (opcional).<\/li>\n<li>Unidad operativa<\/li>\n<li>Controlador t\u00e1ctil con un campo de visualizaci\u00f3n separado para una visi\u00f3n general ideal; Operaci\u00f3n intuitiva para un f\u00e1cil manejo; Control preciso y monitoreo; Temporizador integrado<br \/>\nConexiones e interfaces<\/li>\n<li>Interfaz Ethernet para la conexi\u00f3n con eve\u00ae; Salidas anal\u00f3gicas opcionales para la conexi\u00f3n con sistemas de monitorizaci\u00f3n de edificios y sistemas de alarma; Conducto para sensores y cables<\/li>\n<li>Monitoreo avanzado de bioprocesos en biorreactores, incubadoras orbitales y equipos anal\u00edticos<\/li>\n<\/ul>\n<p><strong>Aplicaci\u00f3n<\/strong><\/p>\n<ul>\n<li><strong>Industria Farmac\u00e9utica<\/strong><br \/>\nVacunas, bio-f\u00e1rmacos, nuevas drogas, anticuerpos monoclonales, cultivo de c\u00e9lulas madre, macromol\u00e9culas, etc<\/li>\n<li><strong>Biocombustibles<\/strong><br \/>\nBioetanol, biodiesel, bio-hidrogeno, butanol, microalgas y organismos fotosensibles, etc<\/li>\n<li><strong>Alimentaci\u00f3n \/ Bebidas<\/strong><br \/>\nAlimentos funcionales, sabores, vitaminas, prote\u00ednas, bacterias probi\u00f3ticas, colorantes, aromatizantes, etc<\/li>\n<li><strong>Sector acad\u00e9mico<\/strong><br \/>\nPara una amplia gama de aplicaciones en la formaci\u00f3n acad\u00e9mica: Gama completa de aplicaciones en microorganismos y culturas de c\u00e9lulas<\/li>\n<li><strong>Sector agronegocio y pecu\u00e1ria<\/strong><br \/>\nInocolantes, vacunas animales, biofertilizantes, biopesticidas<\/li>\n<li><strong>Piensos<\/strong><br \/>\nAlimentaci\u00f3n para animales a partir de productos naturales<\/li>\n<li><strong>Otras<\/strong><br \/>\nBacterias y prote\u00ednas, trasplante de c\u00e9lulas, biotransformaci\u00f3n, cosm\u00e9ticos, fragancias, aplicaciones medioambientales, pl\u00e1sticos biodegradables.<\/li>\n<\/ul>\n<p><a href=\"https:\/\/www.infors-ht.com\/es\/agitadores\/incubadora-orbital\/multitron\/\">https:\/\/www.infors-ht.com\/es\/agitadores\/incubadora-orbital\/multitron\/<\/a><\/p>\n","protected":false},"excerpt":{"rendered":"<p>El nuevo Multitron \u00e9s la 4 generaci\u00f3n de la incubadora orbital m\u00e1s vendida en el mundo.<br \/>\nMultitron es la mejor opci\u00f3n para el cultivo pr\u00e1ctico y fiable de microorganismos y c\u00e9lulas. La incubaci\u00f3n con agitaci\u00f3n garantiza condiciones homog\u00e9neas y resultados reproducibles, sin dejar nada que desear en cuanto a sus caracter\u00edsticas y capacidades. Disponible em version de microorganismos y de c\u00e9lulas de mam\u00edferos.<\/p>\n","protected":false},"featured_media":2663,"comment_status":"closed","ping_status":"closed","template":"","meta":{"_et_pb_use_builder":"","_et_pb_old_content":"","_et_gb_content_width":"","_joinchat":[]},"product_brand":[],"product_cat":[30,31],"product_tag":[32],"class_list":{"0":"post-2659","1":"product","2":"type-product","3":"status-publish","4":"has-post-thumbnail","6":"product_cat-biorreactores","7":"product_cat-incubadora-orbital-bioprocesso","8":"product_tag-infors-ht","10":"first","11":"instock","12":"shipping-taxable","13":"product-type-simple"},"_links":{"self":[{"href":"http:\/\/embrion.com.py\/fisc\/wp-json\/wp\/v2\/product\/2659","targetHints":{"allow":["GET"]}}],"collection":[{"href":"http:\/\/embrion.com.py\/fisc\/wp-json\/wp\/v2\/product"}],"about":[{"href":"http:\/\/embrion.com.py\/fisc\/wp-json\/wp\/v2\/types\/product"}],"replies":[{"embeddable":true,"href":"http:\/\/embrion.com.py\/fisc\/wp-json\/wp\/v2\/comments?post=2659"}],"wp:featuredmedia":[{"embeddable":true,"href":"http:\/\/embrion.com.py\/fisc\/wp-json\/wp\/v2\/media\/2663"}],"wp:attachment":[{"href":"http:\/\/embrion.com.py\/fisc\/wp-json\/wp\/v2\/media?parent=2659"}],"wp:term":[{"taxonomy":"product_brand","embeddable":true,"href":"http:\/\/embrion.com.py\/fisc\/wp-json\/wp\/v2\/product_brand?post=2659"},{"taxonomy":"product_cat","embeddable":true,"href":"http:\/\/embrion.com.py\/fisc\/wp-json\/wp\/v2\/product_cat?post=2659"},{"taxonomy":"product_tag","embeddable":true,"href":"http:\/\/embrion.com.py\/fisc\/wp-json\/wp\/v2\/product_tag?post=2659"}],"curies":[{"name":"wp","href":"https:\/\/api.w.org\/{rel}","templated":true}]}}