{"id":2658,"date":"2022-12-19T18:57:24","date_gmt":"2022-12-19T18:57:24","guid":{"rendered":"https:\/\/fisc.webparaguay.com\/?post_type=product&#038;p=2658"},"modified":"2024-07-26T20:05:53","modified_gmt":"2024-07-27T00:05:53","slug":"eve-la-plataforma-de-software-para-bioprocesos","status":"publish","type":"product","link":"http:\/\/embrion.com.py\/fisc\/producto\/biorreactores\/eve-la-plataforma-de-software-para-bioprocesos\/","title":{"rendered":"Eve\u00ae &#8211; La Plataforma de Software para Bioprocesos"},"content":{"rendered":"<p>eve\u00ae unifica todos los procesos<br \/>\neve\u00ae integra biorreactores, agitadores, instrumentos anal\u00edticos y todo tipo de datos de bioprocesos, de cualquier fabricante, mediante tecnolog\u00eda avanzada NoSQL en vez del tradicional SQL. eve\u00ae catapulta sus bioprocesos al mundo de los macrodatos, d\u00e1ndole informaci\u00f3n de forma centralizada, uniforme y r\u00e1pida.<br \/>\nFlujo de trabajo exhaustivo: desde la planificaci\u00f3n hasta el an\u00e1lisis de datos<br \/>\neve\u00ae cubre todos los aspectos de un bioproceso, con un sistema de navegaci\u00f3n claro que mantiene el flujo de trabajo a la mano en todo momento. El flujo de trabajo integra todos los requisitos experimentales, desde la planificaci\u00f3n de proyectos, experimentos y lotes, hasta la administraci\u00f3n de recursos y el an\u00e1lisis de resultados. Un enfoque completo, sencillo y distinguido con el Best of Swiss Web Award 2017.<br \/>\nTodo para su bioproceso moderno<br \/>\neve\u00aees ideal para investigadores, as\u00ed como para usuarios de la industria. Seleccione las caracter\u00edsticas que le faciliten la vida: dise\u00f1e estrategias de bioprocesos de forma incre\u00edblemente sencilla, con tan solo unos cuantos clics. Genere m\u00e1s informaci\u00f3n gracias a los sensores virtuales y utilice dise\u00f1os experimentales para resultados m\u00e1s expeditos.<br \/>\nIlimitado e independiente: basado en red<br \/>\nGracias a que eve\u00ae es un software basado en red, usted tendr\u00e1 acceso a sus datos de bioprocesos desde un navegador. De este modo se termina la dependencia de sistemas operativos, lo \u00fanico que necesita es una instalaci\u00f3n central. eve\u00ae se adapta a sus necesidades en cualquier lugar, de forma ilimitada e independiente.<\/p>\n<p><strong>Ventajas y beneficios<\/strong><\/p>\n<ul>\n<li>Supervisi\u00f3n moderna en tiempo real<\/li>\n<li>Descripci\u00f3n general integral de todos los lotes en ejecuci\u00f3n; Muestra todas las variables (desconectado, conectado, en la l\u00ednea\u2026) en un \u00fanico gr\u00e1fico personalizado; Cree y guarde cualquier cantidad de datos.<\/li>\n<li>Potente controle de lote<\/li>\n<li>Cree una estrategia compleja de lote en un usuario intuitivo; Herramienta intuitiva para crear estrategias de lote complejo y fases; Funciones preconfiguradas para controlar los par\u00e1metros de lote; Completamente automatice su estrategia de lote o intervenga de manera manual en cualquier momento.<\/li>\n<li>An\u00e1lisis de datos de proceso<\/li>\n<li>Obtenga informaci\u00f3n en tiempo real para control de proceso y an\u00e1lisis con sensores virtuales integrados (sensores de software)<\/li>\n<li>Reciba informaci\u00f3n de software de terceros (por ejemplo, Matlab) y \u00fasela para controlar los lotes en ejecuci\u00f3n<\/li>\n<li>Monitorero y gesti\u00f3n de datos<\/li>\n<li>Gestiones sus lotes, sensores virtuales y recetas en librer\u00edas y exp\u00f3rtelas como archivo si lo necesita; Cree metadatos para organismos y medios de cultivo en librer\u00edas exclusivas; Cree lotes integrales o informes de traza de auditor\u00eda y exp\u00f3rtelos en formatos PDF y editables<\/li>\n<li>Amplia conectividad<\/li>\n<li>Conecte todos los equipos previos de bioprocesos: bioreactores a agitadores, espectr\u00f3metros de masa y balanzas, etc; Drivers para protocolos est\u00e1ndar y protocolos propietarios (por ej. OPC, Modbus, Sartorius DCU, Applikon ADI); Integraci\u00f3n a todo el software de an\u00e1lisis de datos existente, LIMS o el escenario de software ELN con REST API Universal<\/li>\n<li>Reemplaza todas las soluciones de software de bioprocesos anteriores (SCADA, PIMS, etc.)<\/li>\n<\/ul>\n<p><strong>Aplicaci\u00f3n<\/strong><\/p>\n<ul>\n<li>Monitoreo avanzado de bioprocesos en biorreactores, incubadoras orbitales y equipos anal\u00edticos<\/li>\n<\/ul>\n<p><a href=\"https:\/\/www.infors-ht.com\/es\/software-de-bioprocesos\/eve-bioprocess-software-15\/\">https:\/\/www.infors-ht.com\/es\/software-de-bioprocesos\/eve-bioprocess-software-15\/<\/a><\/p>\n","protected":false},"excerpt":{"rendered":"<p>El software eve\u00ae no solo es capaz de planificar, controlar y analizar sus bioprocesos. Tambi\u00e9n integra flujos de trabajo, dispositivos, informaci\u00f3n de bioprocesos y macrodatos en una plataforma que le permite organizar proyectos en la red, independientemente de su complejidad.<br \/>\neve\u00ae est\u00e1 disponible en tres paquetes<br \/>\nBasic &#8211; Monitorea los bioprocesos<br \/>\nStandard &#8211; Controle y automatice los bioprocesos<br \/>\nPremium &#8211; Versi\u00f3n completa soportando\u00a0validaci\u00f3n<\/p>\n","protected":false},"featured_media":2662,"comment_status":"closed","ping_status":"closed","template":"","meta":{"_et_pb_use_builder":"","_et_pb_old_content":"","_et_gb_content_width":"","_joinchat":[]},"product_brand":[],"product_cat":[30,33],"product_tag":[32],"class_list":{"0":"post-2658","1":"product","2":"type-product","3":"status-publish","4":"has-post-thumbnail","6":"product_cat-biorreactores","7":"product_cat-software-eve","8":"product_tag-infors-ht","10":"first","11":"instock","12":"shipping-taxable","13":"product-type-simple"},"_links":{"self":[{"href":"http:\/\/embrion.com.py\/fisc\/wp-json\/wp\/v2\/product\/2658","targetHints":{"allow":["GET"]}}],"collection":[{"href":"http:\/\/embrion.com.py\/fisc\/wp-json\/wp\/v2\/product"}],"about":[{"href":"http:\/\/embrion.com.py\/fisc\/wp-json\/wp\/v2\/types\/product"}],"replies":[{"embeddable":true,"href":"http:\/\/embrion.com.py\/fisc\/wp-json\/wp\/v2\/comments?post=2658"}],"wp:featuredmedia":[{"embeddable":true,"href":"http:\/\/embrion.com.py\/fisc\/wp-json\/wp\/v2\/media\/2662"}],"wp:attachment":[{"href":"http:\/\/embrion.com.py\/fisc\/wp-json\/wp\/v2\/media?parent=2658"}],"wp:term":[{"taxonomy":"product_brand","embeddable":true,"href":"http:\/\/embrion.com.py\/fisc\/wp-json\/wp\/v2\/product_brand?post=2658"},{"taxonomy":"product_cat","embeddable":true,"href":"http:\/\/embrion.com.py\/fisc\/wp-json\/wp\/v2\/product_cat?post=2658"},{"taxonomy":"product_tag","embeddable":true,"href":"http:\/\/embrion.com.py\/fisc\/wp-json\/wp\/v2\/product_tag?post=2658"}],"curies":[{"name":"wp","href":"https:\/\/api.w.org\/{rel}","templated":true}]}}