{"id":4102,"date":"2025-01-30T11:51:59","date_gmt":"2025-01-30T14:51:59","guid":{"rendered":"https:\/\/fisc.com.py\/?page_id=4102"},"modified":"2025-01-30T12:16:27","modified_gmt":"2025-01-30T15:16:27","slug":"thermo-fischer-scientific","status":"publish","type":"page","link":"http:\/\/embrion.com.py\/fisc\/thermo-fischer-scientific\/","title":{"rendered":"Thermo Fischer Scientific"},"content":{"rendered":"<p>[et_pb_section fb_built=\u00bb1&#8243; fullwidth=\u00bbon\u00bb _builder_version=\u00bb4.19.4&#8243; _module_preset=\u00bbdefault\u00bb background_color=\u00bb#eb1c43&#8243; background_image=\u00bbhttp:\/\/embrion.com.py\/fisc\/wp-content\/uploads\/2022\/11\/still-life-arrangement-of-test-tubes.jpg\u00bb background_blend=\u00bbmultiply\u00bb bottom_divider_height=\u00bb40px\u00bb bottom_divider_repeat=\u00bb2x\u00bb global_colors_info=\u00bb{}\u00bb][et_pb_fullwidth_header title=\u00bbThermo Fischer Scientific\u00bb _builder_version=\u00bb4.19.4&#8243; _module_preset=\u00bbdefault\u00bb title_font=\u00bb||||||||\u00bb title_text_align=\u00bbleft\u00bb title_font_size=\u00bb40px\u00bb background_enable_color=\u00bboff\u00bb custom_padding=\u00bb100px||100px||false|false\u00bb global_colors_info=\u00bb{}\u00bb][\/et_pb_fullwidth_header][\/et_pb_section][et_pb_section fb_built=\u00bb1&#8243; _builder_version=\u00bb4.19.4&#8243; _module_preset=\u00bbdefault\u00bb background_image=\u00bbhttp:\/\/embrion.com.py\/fisc\/wp-content\/uploads\/2022\/11\/fisc-fondo-.jpg\u00bb parallax=\u00bbon\u00bb custom_padding=\u00bb100px||100px||false|false\u00bb global_colors_info=\u00bb{}\u00bb][et_pb_row column_structure=\u00bb2_5,3_5&#8243; _builder_version=\u00bb4.19.2&#8243; _module_preset=\u00bbdefault\u00bb global_colors_info=\u00bb{}\u00bb][et_pb_column type=\u00bb2_5&#8243; _builder_version=\u00bb4.19.0&#8243; _module_preset=\u00bbdefault\u00bb global_colors_info=\u00bb{}\u00bb][et_pb_image src=\u00bbhttp:\/\/embrion.com.py\/fisc\/wp-content\/uploads\/2025\/01\/Thermo-Fisher-Scientific.jpg\u00bb title_text=\u00bbThermo-Fisher-Scientific\u00bb _builder_version=\u00bb4.19.5&#8243; _module_preset=\u00bbdefault\u00bb global_colors_info=\u00bb{}\u00bb][\/et_pb_image][\/et_pb_column][et_pb_column type=\u00bb3_5&#8243; _builder_version=\u00bb4.19.0&#8243; _module_preset=\u00bbdefault\u00bb global_colors_info=\u00bb{}\u00bb][et_pb_image src=\u00bbhttp:\/\/embrion.com.py\/fisc\/wp-content\/uploads\/2025\/01\/Thermo_Fisher_Scientific.png\u00bb title_text=\u00bbThermo_Fisher_Scientific\u00bb _builder_version=\u00bb4.19.5&#8243; _module_preset=\u00bbdefault\u00bb width=\u00bb50%\u00bb global_colors_info=\u00bb{}\u00bb][\/et_pb_image][et_pb_text _builder_version=\u00bb4.19.5&#8243; _module_preset=\u00bbdefault\u00bb text_font_size=\u00bb16px\u00bb text_orientation=\u00bbjustified\u00bb global_colors_info=\u00bb{}\u00bb]<\/p>\n<p><span>Thermo Fischer Scientific es un proveedor global de instrumentos anal\u00edticos, soluciones de desarrollo cl\u00ednico, diagn\u00f3sticos especializados, servicios de laboratorio, farmac\u00e9uticos y biotecnol\u00f3gicos.<\/span><\/p>\n<p>[\/et_pb_text][et_pb_button button_url=\u00bbhttps:\/\/www.thermofisher.com\/py\/en\/home.html\u00bb button_text=\u00bbVisitar web\u00bb _builder_version=\u00bb4.19.5&#8243; _module_preset=\u00bbdefault\u00bb custom_button=\u00bbon\u00bb button_text_size=\u00bb14px\u00bb button_text_color=\u00bb#FFFFFF\u00bb button_bg_color=\u00bb#ff002f\u00bb button_border_width=\u00bb0px\u00bb button_border_radius=\u00bb20px\u00bb global_colors_info=\u00bb{}\u00bb][\/et_pb_button][\/et_pb_column][\/et_pb_row][\/et_pb_section][et_pb_section fb_built=\u00bb1&#8243; _builder_version=\u00bb4.19.4&#8243; _module_preset=\u00bbdefault\u00bb global_colors_info=\u00bb{}\u00bb][et_pb_row _builder_version=\u00bb4.19.2&#8243; _module_preset=\u00bbdefault\u00bb custom_padding=\u00bb||50px||false|false\u00bb animation_style=\u00bbslide\u00bb animation_duration=\u00bb900ms\u00bb animation_intensity_slide=\u00bb10%\u00bb locked=\u00bboff\u00bb global_colors_info=\u00bb{}\u00bb][et_pb_column type=\u00bb4_4&#8243; _builder_version=\u00bb4.19.0&#8243; _module_preset=\u00bbdefault\u00bb global_colors_info=\u00bb{}\u00bb][et_pb_text _builder_version=\u00bb4.19.4&#8243; _module_preset=\u00bbdefault\u00bb header_2_font=\u00bb|800|||||||\u00bb header_2_text_color=\u00bb#eb1c43&#8243; header_2_font_size=\u00bb40px\u00bb custom_margin=\u00bb||10px||false|false\u00bb header_2_font_size_tablet=\u00bb40px\u00bb header_2_font_size_phone=\u00bb36px\u00bb header_2_font_size_last_edited=\u00bbon|phone\u00bb global_colors_info=\u00bb{}\u00bb]<\/p>\n<h2 style=\"text-align: center;\"><span style=\"color: #000000;\">Productos<\/span><\/h2>\n<p>[\/et_pb_text][et_pb_divider color=\u00bb#eb1c43&#8243; divider_weight=\u00bb5px\u00bb _builder_version=\u00bb4.19.1&#8243; _module_preset=\u00bbdefault\u00bb width=\u00bb10%\u00bb module_alignment=\u00bbcenter\u00bb locked=\u00bboff\u00bb global_colors_info=\u00bb{}\u00bb][\/et_pb_divider][et_pb_code _builder_version=\u00bb4.19.5&#8243; _module_preset=\u00bbdefault\u00bb text_orientation=\u00bbcenter\u00bb hover_enabled=\u00bb0&#8243; border_radii=\u00bbon|20px|20px|20px|20px\u00bb global_colors_info=\u00bb{}\u00bb sticky_enabled=\u00bb0&#8243;]<div class=\"woocommerce columns-4 \"><ul class=\"products columns-4\">\n<li class=\"product type-product post-4117 status-publish first instock product_cat-microscopia-electronica product_tag-thermo-fisher-scientific has-post-thumbnail shipping-taxable product-type-simple\">\n\t<a href=\"http:\/\/embrion.com.py\/fisc\/producto\/microscopia-electronica\/axia-chemisem\/\" class=\"woocommerce-LoopProduct-link woocommerce-loop-product__link\"><span class=\"et_shop_image\"><img loading=\"lazy\" decoding=\"async\" width=\"300\" height=\"300\" src=\"http:\/\/embrion.com.py\/fisc\/wp-content\/uploads\/2025\/01\/Axia-ChemiSEM-300x300.jpg\" class=\"attachment-woocommerce_thumbnail size-woocommerce_thumbnail\" alt=\"Axia ChemiSEM\" srcset=\"http:\/\/embrion.com.py\/fisc\/wp-content\/uploads\/2025\/01\/Axia-ChemiSEM-300x300.jpg 300w, http:\/\/embrion.com.py\/fisc\/wp-content\/uploads\/2025\/01\/Axia-ChemiSEM-150x150.jpg 150w, http:\/\/embrion.com.py\/fisc\/wp-content\/uploads\/2025\/01\/Axia-ChemiSEM-100x100.jpg 100w\" sizes=\"auto, (max-width: 300px) 100vw, 300px\" \/><span class=\"et_overlay\"><\/span><\/span><h2 class=\"woocommerce-loop-product__title\">Axia ChemiSEM<\/h2>\n<\/a><\/li>\n<li class=\"product type-product post-4114 status-publish instock product_cat-microscopia-electronica product_tag-thermo-fisher-scientific has-post-thumbnail shipping-taxable product-type-simple\">\n\t<a href=\"http:\/\/embrion.com.py\/fisc\/producto\/microscopia-electronica\/phenom-perception-gsr-desktop-sem\/\" class=\"woocommerce-LoopProduct-link woocommerce-loop-product__link\"><span class=\"et_shop_image\"><img loading=\"lazy\" decoding=\"async\" width=\"300\" height=\"300\" src=\"http:\/\/embrion.com.py\/fisc\/wp-content\/uploads\/2025\/01\/Phenom-Perception-GSR-Desktop-SEM-300x300.jpg\" class=\"attachment-woocommerce_thumbnail size-woocommerce_thumbnail\" alt=\"Phenom Perception GSR Desktop SEM\" \/><span class=\"et_overlay\"><\/span><\/span><h2 class=\"woocommerce-loop-product__title\">Phenom Perception GSR Desktop SEM<\/h2>\n<\/a><\/li>\n<li class=\"product type-product post-4111 status-publish instock product_cat-microscopia-electronica product_tag-thermo-fisher-scientific has-post-thumbnail shipping-taxable product-type-simple\">\n\t<a href=\"http:\/\/embrion.com.py\/fisc\/producto\/microscopia-electronica\/phenom-pharos-g2-desktop-feg-sem\/\" class=\"woocommerce-LoopProduct-link woocommerce-loop-product__link\"><span class=\"et_shop_image\"><img loading=\"lazy\" decoding=\"async\" width=\"300\" height=\"300\" src=\"http:\/\/embrion.com.py\/fisc\/wp-content\/uploads\/2025\/01\/Phenom-Pharos-G2-Desktop-FEG-SEM-300x300.jpg\" class=\"attachment-woocommerce_thumbnail size-woocommerce_thumbnail\" alt=\"Phenom Pharos G2 Desktop FEG-SEM\" \/><span class=\"et_overlay\"><\/span><\/span><h2 class=\"woocommerce-loop-product__title\">Phenom Pharos G2 Desktop FEG-SEM<\/h2>\n<\/a><\/li>\n<\/ul>\n<\/div>[\/et_pb_code][\/et_pb_column][\/et_pb_row][\/et_pb_section]<\/p>\n","protected":false},"excerpt":{"rendered":"<p>Thermo Fischer Scientific es un proveedor global de instrumentos anal\u00edticos, soluciones de desarrollo cl\u00ednico, diagn\u00f3sticos especializados, servicios de laboratorio, farmac\u00e9uticos y biotecnol\u00f3gicos.Productos<div class=\"woocommerce columns-4 \"><ul class=\"products columns-4\">\n<li class=\"product type-product post-4117 status-publish first instock product_cat-microscopia-electronica product_tag-thermo-fisher-scientific has-post-thumbnail shipping-taxable product-type-simple\">\n\t<a href=\"http:\/\/embrion.com.py\/fisc\/producto\/microscopia-electronica\/axia-chemisem\/\" class=\"woocommerce-LoopProduct-link woocommerce-loop-product__link\"><span class=\"et_shop_image\"><img width=\"300\" height=\"300\" src=\"http:\/\/embrion.com.py\/fisc\/wp-content\/uploads\/2025\/01\/Axia-ChemiSEM-300x300.jpg\" class=\"attachment-woocommerce_thumbnail size-woocommerce_thumbnail\" alt=\"Axia ChemiSEM\" decoding=\"async\" loading=\"lazy\" srcset=\"http:\/\/embrion.com.py\/fisc\/wp-content\/uploads\/2025\/01\/Axia-ChemiSEM-300x300.jpg 300w, http:\/\/embrion.com.py\/fisc\/wp-content\/uploads\/2025\/01\/Axia-ChemiSEM-150x150.jpg 150w, http:\/\/embrion.com.py\/fisc\/wp-content\/uploads\/2025\/01\/Axia-ChemiSEM-100x100.jpg 100w\" sizes=\"auto, (max-width: 300px) 100vw, 300px\" \/><span class=\"et_overlay\"><\/span><\/span><h2 class=\"woocommerce-loop-product__title\">Axia ChemiSEM<\/h2>\n<\/a><\/li>\n<li class=\"product type-product post-4114 status-publish instock product_cat-microscopia-electronica product_tag-thermo-fisher-scientific has-post-thumbnail shipping-taxable product-type-simple\">\n\t<a href=\"http:\/\/embrion.com.py\/fisc\/producto\/microscopia-electronica\/phenom-perception-gsr-desktop-sem\/\" class=\"woocommerce-LoopProduct-link woocommerce-loop-product__link\"><span class=\"et_shop_image\"><img width=\"300\" height=\"300\" src=\"http:\/\/embrion.com.py\/fisc\/wp-content\/uploads\/2025\/01\/Phenom-Perception-GSR-Desktop-SEM-300x300.jpg\" class=\"attachment-woocommerce_thumbnail size-woocommerce_thumbnail\" alt=\"Phenom Perception GSR Desktop SEM\" decoding=\"async\" loading=\"lazy\" \/><span class=\"et_overlay\"><\/span><\/span><h2 class=\"woocommerce-loop-product__title\">Phenom Perception GSR Desktop SEM<\/h2>\n<\/a><\/li>\n<li class=\"product type-product post-4111 status-publish instock product_cat-microscopia-electronica product_tag-thermo-fisher-scientific has-post-thumbnail shipping-taxable product-type-simple\">\n\t<a href=\"http:\/\/embrion.com.py\/fisc\/producto\/microscopia-electronica\/phenom-pharos-g2-desktop-feg-sem\/\" class=\"woocommerce-LoopProduct-link woocommerce-loop-product__link\"><span class=\"et_shop_image\"><img width=\"300\" height=\"300\" src=\"http:\/\/embrion.com.py\/fisc\/wp-content\/uploads\/2025\/01\/Phenom-Pharos-G2-Desktop-FEG-SEM-300x300.jpg\" class=\"attachment-woocommerce_thumbnail size-woocommerce_thumbnail\" alt=\"Phenom Pharos G2 Desktop FEG-SEM\" decoding=\"async\" loading=\"lazy\" \/><span class=\"et_overlay\"><\/span><\/span><h2 class=\"woocommerce-loop-product__title\">Phenom Pharos G2 Desktop FEG-SEM<\/h2>\n<\/a><\/li>\n<\/ul>\n<\/div><\/p>\n","protected":false},"author":1,"featured_media":0,"parent":0,"menu_order":0,"comment_status":"closed","ping_status":"closed","template":"","meta":{"_et_pb_use_builder":"on","_et_pb_old_content":"","_et_gb_content_width":"","_joinchat":[],"footnotes":""},"class_list":["post-4102","page","type-page","status-publish","hentry"],"_links":{"self":[{"href":"http:\/\/embrion.com.py\/fisc\/wp-json\/wp\/v2\/pages\/4102","targetHints":{"allow":["GET"]}}],"collection":[{"href":"http:\/\/embrion.com.py\/fisc\/wp-json\/wp\/v2\/pages"}],"about":[{"href":"http:\/\/embrion.com.py\/fisc\/wp-json\/wp\/v2\/types\/page"}],"author":[{"embeddable":true,"href":"http:\/\/embrion.com.py\/fisc\/wp-json\/wp\/v2\/users\/1"}],"replies":[{"embeddable":true,"href":"http:\/\/embrion.com.py\/fisc\/wp-json\/wp\/v2\/comments?post=4102"}],"version-history":[{"count":5,"href":"http:\/\/embrion.com.py\/fisc\/wp-json\/wp\/v2\/pages\/4102\/revisions"}],"predecessor-version":[{"id":4120,"href":"http:\/\/embrion.com.py\/fisc\/wp-json\/wp\/v2\/pages\/4102\/revisions\/4120"}],"wp:attachment":[{"href":"http:\/\/embrion.com.py\/fisc\/wp-json\/wp\/v2\/media?parent=4102"}],"curies":[{"name":"wp","href":"https:\/\/api.w.org\/{rel}","templated":true}]}}